{"id":7108,"date":"2024-07-07T13:06:17","date_gmt":"2024-07-07T13:06:17","guid":{"rendered":"https:\/\/new.luminordic.com\/toeta-kodumaist\/"},"modified":"2024-07-07T13:06:17","modified_gmt":"2024-07-07T13:06:17","slug":"toeta-kodumaist","status":"publish","type":"page","link":"https:\/\/www.luminordic.com\/en\/toeta-kodumaist\/","title":{"rendered":"TOETA KODUMAIST"},"content":{"rendered":"<section class=\"full-width-header\">\r\n    <div class=\"full-width-header__container\">\r\n                    <img decoding=\"async\" class=\"full-width-header__left\" src=\"https:\/\/www.luminordic.com\/wp-content\/uploads\/2024\/07\/Rectangle-222.png\" alt=\"\" \/>\r\n                <div class=\"full-width-header__right\">\r\n            <nav class=\"woocommerce-breadcrumb\" aria-label=\"Breadcrumb\">Home<\/nav>                            <h1 class=\"full-width-header__right-title\">\r\n                    TOETA KODUMAIST                <\/h1>\r\n                                        <div class=\"full-width-header__right-text\">\r\n                    <p>Kas teadsid, et k\u00f5ik LUMI tooted arendatakse ja toodetakse Eestis? Me ei pakenda Sulle teisest ilma otsast tulnud tooret lihtsalt pisemasse pudelisse \u00fcmber vaid iga toode on valminud pika uurimise, puurimise ja katsetamise tulemusena.<\/p>\n<p>Paljud teavad, et LUMI sarja \u00fchendab Eestis kasvatatud kanepist toodetud seemne\u00f5li oma imeliste omaduste t\u00f5ttu nahale. Kodumaine tooraine on LUMI jaoks aina olulisem, aga kanep pole kaugeltki ainus kodumaine taim meie toodetes.<\/p>\n                <\/div>\r\n                    <\/div>\r\n    <\/div>\r\n<\/section>\n\n<section class=\"image-with-text\r\n    image-with-text--right\">\r\n    <div class=\"image-with-text__container\">\r\n        <div class=\"image-with-text__wrap\">\r\n            <div class=\"image-with-text__wrap-image\">\r\n                                    <img decoding=\"async\" src=\"https:\/\/www.luminordic.com\/wp-content\/uploads\/2024\/07\/image-6.png\" alt=\"\" \/>\r\n                            <\/div>\r\n            <div class=\"image-with-text__wrap-content\">\r\n                <h3 class=\"image-with-text__wrap-content--title\">\r\n                                    <\/h3>\r\n                <div class=\"image-with-text__wrap-content--text\">\r\n                    <p>Meie tootevalikus on lisaks kanepile erinevat kodumaist taimset materjali piparm\u00fcndist vetikateni. Seda mitte vaid sellep\u00e4rast, et me teame siis t\u00e4pselt selle toorme p\u00e4ritolu, kvaliteeti jne, vaid ka seep\u00e4rast, et nii toetame omakorda ka teisi v\u00e4iketootjaid, kes taimi kasvatavad, korjavad, t\u00f6\u00f6tlevad jne. Kasutame ka metsikult kasvavaid taimi nagu angervaks ja p\u00f5drakanep jpt. Igal juhul j\u00e4lgime, et taimede p\u00e4ritolu oleks puhas. Teeme koost\u00f6\u00f6d mahetaluga, kus s\u00fcnteetilistel v\u00e4etistel ja pestitsiididel pole kohta.<\/p>\n<p>Seega iga LUMI toote ostuga pakud t\u00f6\u00f6d ja leiba lisaks meie tublile meeskonnale ka teistele kodumaistele v\u00e4iketootjatele ja pereettev\u00f5tetele.<\/p>\n                <\/div>\r\n                            <\/div>\r\n        <\/div>\r\n    <\/div>\r\n<\/section>\n\n<section class=\"regular-text-block\">\r\n    <div class=\"regular-text-block__container\">\r\n        <div class=\"regular-text-block__content\">\r\n            <pre>#toetakodumaist<\/pre>\n<p>Oled ilmselt m\u00e4rganud LUMI kreemide naturaalselt v\u00e4rvi ja l\u00f5hna, mis tuleneb sellest, et me ei soovi \u00fchtegi taime \u00fcle t\u00f6\u00f6delda vaid tahame teda pakkuda tema parimal moel v\u00f5imalikult \u201ctoore ja t\u00e4iuslikuna\u201d. Nii saame tema parimaid omadusi enda naha heaks maksimaalselt \u00e4ra kasutada ja samas kurnata v\u00e4hem keskkonda ilma liigsete tootmisetappideta.<br \/>\nParem Sulle, parem keskkonnale, parem \u00fchiskonnale.<\/p>\n        <\/div>\r\n    <\/div>\r\n<\/section>\n\n<section class=\"image-with-text\r\n    \">\r\n    <div class=\"image-with-text__container\">\r\n        <div class=\"image-with-text__wrap\">\r\n            <div class=\"image-with-text__wrap-image\">\r\n                                    <img decoding=\"async\" src=\"https:\/\/www.luminordic.com\/wp-content\/uploads\/2024\/07\/image-7.png\" alt=\"\" \/>\r\n                            <\/div>\r\n            <div class=\"image-with-text__wrap-content\">\r\n                <h3 class=\"image-with-text__wrap-content--title\">\r\n                    LUMI h\u00fcdrosoolid                <\/h3>\r\n                <div class=\"image-with-text__wrap-content--text\">\r\n                    <p>LUMI h\u00fcdrosoolid on v\u00e4rsketest kodumaistest taimedest destilleeritud ehk meie pakutavad n\u00e4oveed ja seerumites sisalduvad lilleveed EI OLE eeterlike \u00f5lide tootmisj\u00e4\u00e4gid.<\/p>\n<p>Kasutame nii aurdestilleerimist kui ka meetodit, mis v\u00f5imaldab meil p\u00fc\u00fcda mitte ainult taime lenduvaid komponente, vaid taime rakuvett. Tavap\u00e4rasel eeterlike \u00f5lide k\u00f5rgsurvemeetodil tootmise k\u00e4igus rakuvesi h\u00e4vineb, elusat rakuvett ei saa ka kuivatatud taimsest materjalist. Taimed peavad olema v\u00e4rsked! Just see rakuvesi, mis on t\u00e4is toitainerikkaid mineraale, f\u00fctosteroole, antioks\u00fcdante ja lugematuid muid looduslikke botaanilisi kemikaale, annab h\u00fcdrosoolile aromaatsed ja terapeutilised omadused.<\/p>\n                <\/div>\r\n                            <\/div>\r\n        <\/div>\r\n    <\/div>\r\n<\/section>\n\n<section class=\"image-with-text\r\n    image-with-text--right\">\r\n    <div class=\"image-with-text__container\">\r\n        <div class=\"image-with-text__wrap\">\r\n            <div class=\"image-with-text__wrap-image\">\r\n                                    <img decoding=\"async\" src=\"https:\/\/www.luminordic.com\/wp-content\/uploads\/2024\/07\/image-7-1.png\" alt=\"\" \/>\r\n                            <\/div>\r\n            <div class=\"image-with-text__wrap-content\">\r\n                <h3 class=\"image-with-text__wrap-content--title\">\r\n                    LUMI seerumid                <\/h3>\r\n                <div class=\"image-with-text__wrap-content--text\">\r\n                    <p>Et meie jaoks on tootearenduses esmased kriteeriumid toote efektiivsus ja kohaliku toorme v\u00e4\u00e4rindamine, siis k\u00f5ik meie \u00f5livabad seerumid baseeruvad just nimelt neil h\u00fcdrosoolidel. Me ei kasuta tavalist vett seerumite p\u00f5hjana. Nii saad maksimaalse toime rahvatarkuse ning teaduslikult t\u00f5estatud bioaktiivainete s\u00fcmbioosist.<\/p>\n                <\/div>\r\n                            <\/div>\r\n        <\/div>\r\n    <\/div>\r\n<\/section>\n\n<section class=\"image-with-text\r\n    \">\r\n    <div class=\"image-with-text__container\">\r\n        <div class=\"image-with-text__wrap\">\r\n            <div class=\"image-with-text__wrap-image\">\r\n                                    <img decoding=\"async\" src=\"https:\/\/www.luminordic.com\/wp-content\/uploads\/2024\/07\/image-71.png\" alt=\"\" \/>\r\n                            <\/div>\r\n            <div class=\"image-with-text__wrap-content\">\r\n                <h3 class=\"image-with-text__wrap-content--title\">\r\n                    Ait\u00e4h, partnerid!                <\/h3>\r\n                <div class=\"image-with-text__wrap-content--text\">\r\n                    <p>Siinkohal tahaksime t\u00e4nada ka meie imelisi taimemaage: Piia K\u00e4rssin, Irje Karjus, Uuenurme talu ning Olemari mahetalu.<\/p>\n                <\/div>\r\n                            <\/div>\r\n        <\/div>\r\n    <\/div>\r\n<\/section>","protected":false},"excerpt":{"rendered":"","protected":false},"author":1,"featured_media":0,"parent":0,"menu_order":0,"comment_status":"closed","ping_status":"closed","template":"","meta":{"_acf_changed":false,"footnotes":""},"class_list":["post-7108","page","type-page","status-publish","hentry"],"acf":[],"yoast_head":"<!-- This site is optimized with the Yoast SEO Premium plugin v27.4 (Yoast SEO v27.4) - https:\/\/yoast.com\/product\/yoast-seo-premium-wordpress\/ -->\n<title>TOETA KODUMAIST - Luminordic<\/title>\n<meta name=\"robots\" content=\"index, follow, max-snippet:-1, max-image-preview:large, max-video-preview:-1\" \/>\n<link rel=\"canonical\" href=\"https:\/\/www.luminordic.com\/en\/wp-json\/wp\/v2\/pages\/7108\/\" \/>\n<meta property=\"og:locale\" content=\"en_US\" \/>\n<meta property=\"og:type\" content=\"article\" \/>\n<meta property=\"og:title\" content=\"TOETA KODUMAIST\" \/>\n<meta property=\"og:url\" content=\"https:\/\/www.luminordic.com\/toeta-kodumaist\/\" \/>\n<meta property=\"og:site_name\" content=\"Luminordic\" \/>\n<meta property=\"article:publisher\" content=\"https:\/\/www.facebook.com\/luminordic\" \/>\n<meta name=\"twitter:card\" content=\"summary_large_image\" \/>\n<script type=\"application\/ld+json\" class=\"yoast-schema-graph\">{\"@context\":\"https:\\\/\\\/schema.org\",\"@graph\":[{\"@type\":\"WebPage\",\"@id\":\"https:\\\/\\\/www.luminordic.com\\\/toeta-kodumaist\\\/\",\"url\":\"https:\\\/\\\/www.luminordic.com\\\/toeta-kodumaist\\\/\",\"name\":\"TOETA KODUMAIST - Luminordic\",\"isPartOf\":{\"@id\":\"https:\\\/\\\/www.luminordic.com\\\/en\\\/#website\"},\"datePublished\":\"2024-07-07T13:06:17+00:00\",\"breadcrumb\":{\"@id\":\"https:\\\/\\\/www.luminordic.com\\\/toeta-kodumaist\\\/#breadcrumb\"},\"inLanguage\":\"en-US\",\"potentialAction\":[{\"@type\":\"ReadAction\",\"target\":[\"https:\\\/\\\/www.luminordic.com\\\/toeta-kodumaist\\\/\"]}]},{\"@type\":\"BreadcrumbList\",\"@id\":\"https:\\\/\\\/www.luminordic.com\\\/toeta-kodumaist\\\/#breadcrumb\",\"itemListElement\":[{\"@type\":\"ListItem\",\"position\":1,\"name\":\"Avaleht\",\"item\":\"https:\\\/\\\/www.luminordic.com\\\/en\\\/\"},{\"@type\":\"ListItem\",\"position\":2,\"name\":\"TOETA KODUMAIST\"}]},{\"@type\":\"WebSite\",\"@id\":\"https:\\\/\\\/www.luminordic.com\\\/en\\\/#website\",\"url\":\"https:\\\/\\\/www.luminordic.com\\\/en\\\/\",\"name\":\"Luminordic\",\"description\":\"\",\"publisher\":{\"@id\":\"https:\\\/\\\/www.luminordic.com\\\/en\\\/#organization\"},\"potentialAction\":[{\"@type\":\"SearchAction\",\"target\":{\"@type\":\"EntryPoint\",\"urlTemplate\":\"https:\\\/\\\/www.luminordic.com\\\/en\\\/?s={search_term_string}\"},\"query-input\":{\"@type\":\"PropertyValueSpecification\",\"valueRequired\":true,\"valueName\":\"search_term_string\"}}],\"inLanguage\":\"en-US\"},{\"@type\":\"Organization\",\"@id\":\"https:\\\/\\\/www.luminordic.com\\\/en\\\/#organization\",\"name\":\"Luminordic\",\"alternateName\":\"LUMI\",\"url\":\"https:\\\/\\\/www.luminordic.com\\\/en\\\/\",\"logo\":{\"@type\":\"ImageObject\",\"inLanguage\":\"en-US\",\"@id\":\"https:\\\/\\\/www.luminordic.com\\\/en\\\/#\\\/schema\\\/logo\\\/image\\\/\",\"url\":\"https:\\\/\\\/www.luminordic.com\\\/wp-content\\\/uploads\\\/2024\\\/06\\\/lumi-nordic-logo-light.svg\",\"contentUrl\":\"https:\\\/\\\/www.luminordic.com\\\/wp-content\\\/uploads\\\/2024\\\/06\\\/lumi-nordic-logo-light.svg\",\"width\":1,\"height\":1,\"caption\":\"Luminordic\"},\"image\":{\"@id\":\"https:\\\/\\\/www.luminordic.com\\\/en\\\/#\\\/schema\\\/logo\\\/image\\\/\"},\"sameAs\":[\"https:\\\/\\\/www.facebook.com\\\/luminordic\"],\"description\":\"LUMI is a natural skincare company offering science-backed solutions for problematic skin and everyday care.\",\"email\":\"hei@luminordic.com\",\"telephone\":\"+372 5663 2033.\",\"legalName\":\"PERFECT COSMETICS O\u00dc\",\"foundingDate\":\"2013-01-31\",\"vatID\":\"EE101608806\",\"numberOfEmployees\":{\"@type\":\"QuantitativeValue\",\"minValue\":\"11\",\"maxValue\":\"50\"}}]}<\/script>\n<!-- \/ Yoast SEO Premium plugin. -->","yoast_head_json":{"title":"TOETA KODUMAIST - Luminordic","robots":{"index":"index","follow":"follow","max-snippet":"max-snippet:-1","max-image-preview":"max-image-preview:large","max-video-preview":"max-video-preview:-1"},"canonical":"https:\/\/www.luminordic.com\/en\/wp-json\/wp\/v2\/pages\/7108\/","og_locale":"en_US","og_type":"article","og_title":"TOETA KODUMAIST","og_url":"https:\/\/www.luminordic.com\/toeta-kodumaist\/","og_site_name":"Luminordic","article_publisher":"https:\/\/www.facebook.com\/luminordic","twitter_card":"summary_large_image","schema":{"@context":"https:\/\/schema.org","@graph":[{"@type":"WebPage","@id":"https:\/\/www.luminordic.com\/toeta-kodumaist\/","url":"https:\/\/www.luminordic.com\/toeta-kodumaist\/","name":"TOETA KODUMAIST - Luminordic","isPartOf":{"@id":"https:\/\/www.luminordic.com\/en\/#website"},"datePublished":"2024-07-07T13:06:17+00:00","breadcrumb":{"@id":"https:\/\/www.luminordic.com\/toeta-kodumaist\/#breadcrumb"},"inLanguage":"en-US","potentialAction":[{"@type":"ReadAction","target":["https:\/\/www.luminordic.com\/toeta-kodumaist\/"]}]},{"@type":"BreadcrumbList","@id":"https:\/\/www.luminordic.com\/toeta-kodumaist\/#breadcrumb","itemListElement":[{"@type":"ListItem","position":1,"name":"Avaleht","item":"https:\/\/www.luminordic.com\/en\/"},{"@type":"ListItem","position":2,"name":"TOETA KODUMAIST"}]},{"@type":"WebSite","@id":"https:\/\/www.luminordic.com\/en\/#website","url":"https:\/\/www.luminordic.com\/en\/","name":"Luminordic","description":"","publisher":{"@id":"https:\/\/www.luminordic.com\/en\/#organization"},"potentialAction":[{"@type":"SearchAction","target":{"@type":"EntryPoint","urlTemplate":"https:\/\/www.luminordic.com\/en\/?s={search_term_string}"},"query-input":{"@type":"PropertyValueSpecification","valueRequired":true,"valueName":"search_term_string"}}],"inLanguage":"en-US"},{"@type":"Organization","@id":"https:\/\/www.luminordic.com\/en\/#organization","name":"Luminordic","alternateName":"LUMI","url":"https:\/\/www.luminordic.com\/en\/","logo":{"@type":"ImageObject","inLanguage":"en-US","@id":"https:\/\/www.luminordic.com\/en\/#\/schema\/logo\/image\/","url":"https:\/\/www.luminordic.com\/wp-content\/uploads\/2024\/06\/lumi-nordic-logo-light.svg","contentUrl":"https:\/\/www.luminordic.com\/wp-content\/uploads\/2024\/06\/lumi-nordic-logo-light.svg","width":1,"height":1,"caption":"Luminordic"},"image":{"@id":"https:\/\/www.luminordic.com\/en\/#\/schema\/logo\/image\/"},"sameAs":["https:\/\/www.facebook.com\/luminordic"],"description":"LUMI is a natural skincare company offering science-backed solutions for problematic skin and everyday care.","email":"hei@luminordic.com","telephone":"+372 5663 2033.","legalName":"PERFECT COSMETICS O\u00dc","foundingDate":"2013-01-31","vatID":"EE101608806","numberOfEmployees":{"@type":"QuantitativeValue","minValue":"11","maxValue":"50"}}]}},"_links":{"self":[{"href":"https:\/\/www.luminordic.com\/en\/wp-json\/wp\/v2\/pages\/7108","targetHints":{"allow":["GET"]}}],"collection":[{"href":"https:\/\/www.luminordic.com\/en\/wp-json\/wp\/v2\/pages"}],"about":[{"href":"https:\/\/www.luminordic.com\/en\/wp-json\/wp\/v2\/types\/page"}],"author":[{"embeddable":true,"href":"https:\/\/www.luminordic.com\/en\/wp-json\/wp\/v2\/users\/1"}],"replies":[{"embeddable":true,"href":"https:\/\/www.luminordic.com\/en\/wp-json\/wp\/v2\/comments?post=7108"}],"version-history":[{"count":0,"href":"https:\/\/www.luminordic.com\/en\/wp-json\/wp\/v2\/pages\/7108\/revisions"}],"wp:attachment":[{"href":"https:\/\/www.luminordic.com\/en\/wp-json\/wp\/v2\/media?parent=7108"}],"curies":[{"name":"wp","href":"https:\/\/api.w.org\/{rel}","templated":true}]}}