{"id":198511,"date":"2024-11-20T19:01:38","date_gmt":"2024-11-20T19:01:38","guid":{"rendered":"https:\/\/www.luminordic.com\/product\/kiud-karp\/"},"modified":"2026-03-17T12:34:21","modified_gmt":"2026-03-17T10:34:21","slug":"kiud-eco-friendly-gift-box","status":"publish","type":"product","link":"https:\/\/www.luminordic.com\/en\/product\/kiud-eco-friendly-gift-box\/","title":{"rendered":"KIUD box"},"content":{"rendered":"","protected":false},"excerpt":{"rendered":"<strong>LUMI x KIUD Reusable Gift Box<\/strong>","protected":false},"featured_media":198361,"comment_status":"open","ping_status":"closed","template":"","meta":{"_acf_changed":false},"product_brand":[],"product_cat":[430,374,559,375],"product_tag":[],"giftcard-category":[],"class_list":{"0":"post-198511","1":"product","2":"type-product","3":"status-publish","4":"has-post-thumbnail","6":"product_cat-accessories","7":"product_cat-all-products","8":"product_cat-lumi-joulud","9":"product_cat-new","11":"first","12":"instock","13":"taxable","14":"shipping-taxable","15":"purchasable","16":"product-type-simple"},"acf":[],"yoast_head":"<!-- This site is optimized with the Yoast SEO Premium plugin v27.4 (Yoast SEO v27.4) - https:\/\/yoast.com\/product\/yoast-seo-premium-wordpress\/ -->\n<title>Eco-Friendly Gift Box \u2013 Stylish &amp; Sustainable | LUMI x KIUD<\/title>\n<meta name=\"description\" content=\"Elevate your gift with a LUMI x KIUD eco-friendly gift box - crafted from upcycled textiles, built to last, and beautiful enough to reuse.\" \/>\n<meta name=\"robots\" content=\"index, follow, max-snippet:-1, max-image-preview:large, max-video-preview:-1\" \/>\n<link rel=\"canonical\" href=\"https:\/\/www.luminordic.com\/en\/wp-json\/wp\/v2\/product\/198511\/\" \/>\n<meta property=\"og:locale\" content=\"en_US\" \/>\n<meta property=\"og:type\" content=\"article\" \/>\n<meta property=\"og:title\" content=\"KIUD box\" \/>\n<meta property=\"og:description\" content=\"Elevate your gift with a LUMI x KIUD eco-friendly gift box - crafted from upcycled textiles, built to last, and beautiful enough to reuse.\" \/>\n<meta property=\"og:url\" content=\"https:\/\/www.luminordic.com\/en\/product\/kiud-eco-friendly-gift-box\/\" \/>\n<meta property=\"og:site_name\" content=\"Luminordic\" \/>\n<meta property=\"article:publisher\" content=\"https:\/\/www.facebook.com\/luminordic\" \/>\n<meta property=\"article:modified_time\" content=\"2026-03-17T10:34:21+00:00\" \/>\n<meta property=\"og:image\" content=\"https:\/\/www.luminordic.com\/wp-content\/uploads\/2024\/11\/DSC09788-scaled.jpg\" \/>\n\t<meta property=\"og:image:width\" content=\"1707\" \/>\n\t<meta property=\"og:image:height\" content=\"2560\" \/>\n\t<meta property=\"og:image:type\" content=\"image\/jpeg\" \/>\n<meta name=\"twitter:card\" content=\"summary_large_image\" \/>\n<meta name=\"twitter:label1\" content=\"Est. reading time\" \/>\n\t<meta name=\"twitter:data1\" content=\"1 minute\" \/>\n<script type=\"application\/ld+json\" class=\"yoast-schema-graph\">{\"@context\":\"https:\\\/\\\/schema.org\",\"@graph\":[{\"@type\":\"WebPage\",\"@id\":\"https:\\\/\\\/www.luminordic.com\\\/en\\\/product\\\/kiud-eco-friendly-gift-box\\\/\",\"url\":\"https:\\\/\\\/www.luminordic.com\\\/en\\\/product\\\/kiud-eco-friendly-gift-box\\\/\",\"name\":\"Eco-Friendly Gift Box \u2013 Stylish & Sustainable | LUMI x KIUD\",\"isPartOf\":{\"@id\":\"https:\\\/\\\/www.luminordic.com\\\/en\\\/#website\"},\"primaryImageOfPage\":{\"@id\":\"https:\\\/\\\/www.luminordic.com\\\/en\\\/product\\\/kiud-eco-friendly-gift-box\\\/#primaryimage\"},\"image\":{\"@id\":\"https:\\\/\\\/www.luminordic.com\\\/en\\\/product\\\/kiud-eco-friendly-gift-box\\\/#primaryimage\"},\"thumbnailUrl\":\"https:\\\/\\\/www.luminordic.com\\\/wp-content\\\/uploads\\\/2024\\\/11\\\/DSC09788-scaled.jpg\",\"datePublished\":\"2024-11-20T19:01:38+00:00\",\"dateModified\":\"2026-03-17T10:34:21+00:00\",\"description\":\"Elevate your gift with a LUMI x KIUD eco-friendly gift box - crafted from upcycled textiles, built to last, and beautiful enough to reuse.\",\"breadcrumb\":{\"@id\":\"https:\\\/\\\/www.luminordic.com\\\/en\\\/product\\\/kiud-eco-friendly-gift-box\\\/#breadcrumb\"},\"inLanguage\":\"en-US\",\"potentialAction\":[{\"@type\":\"ReadAction\",\"target\":[\"https:\\\/\\\/www.luminordic.com\\\/en\\\/product\\\/kiud-eco-friendly-gift-box\\\/\"]}]},{\"@type\":\"ImageObject\",\"inLanguage\":\"en-US\",\"@id\":\"https:\\\/\\\/www.luminordic.com\\\/en\\\/product\\\/kiud-eco-friendly-gift-box\\\/#primaryimage\",\"url\":\"https:\\\/\\\/www.luminordic.com\\\/wp-content\\\/uploads\\\/2024\\\/11\\\/DSC09788-scaled.jpg\",\"contentUrl\":\"https:\\\/\\\/www.luminordic.com\\\/wp-content\\\/uploads\\\/2024\\\/11\\\/DSC09788-scaled.jpg\",\"width\":1707,\"height\":2560,\"caption\":\"LUMI x KIUD kinkekarp. Valmistatud tekstiilij\u00e4\u00e4tmetest. J\u00e4tkusuutlik. LUMI x KIUD eco-friendly gift box\"},{\"@type\":\"BreadcrumbList\",\"@id\":\"https:\\\/\\\/www.luminordic.com\\\/en\\\/product\\\/kiud-eco-friendly-gift-box\\\/#breadcrumb\",\"itemListElement\":[{\"@type\":\"ListItem\",\"position\":1,\"name\":\"Avaleht\",\"item\":\"https:\\\/\\\/www.luminordic.com\\\/en\\\/\"},{\"@type\":\"ListItem\",\"position\":2,\"name\":\"All products\",\"item\":\"https:\\\/\\\/www.luminordic.com\\\/en\\\/all-products\\\/\"},{\"@type\":\"ListItem\",\"position\":3,\"name\":\"KIUD box\"}]},{\"@type\":\"WebSite\",\"@id\":\"https:\\\/\\\/www.luminordic.com\\\/en\\\/#website\",\"url\":\"https:\\\/\\\/www.luminordic.com\\\/en\\\/\",\"name\":\"Luminordic\",\"description\":\"\",\"publisher\":{\"@id\":\"https:\\\/\\\/www.luminordic.com\\\/en\\\/#organization\"},\"potentialAction\":[{\"@type\":\"SearchAction\",\"target\":{\"@type\":\"EntryPoint\",\"urlTemplate\":\"https:\\\/\\\/www.luminordic.com\\\/en\\\/?s={search_term_string}\"},\"query-input\":{\"@type\":\"PropertyValueSpecification\",\"valueRequired\":true,\"valueName\":\"search_term_string\"}}],\"inLanguage\":\"en-US\"},{\"@type\":\"Organization\",\"@id\":\"https:\\\/\\\/www.luminordic.com\\\/en\\\/#organization\",\"name\":\"Luminordic\",\"alternateName\":\"LUMI\",\"url\":\"https:\\\/\\\/www.luminordic.com\\\/en\\\/\",\"logo\":{\"@type\":\"ImageObject\",\"inLanguage\":\"en-US\",\"@id\":\"https:\\\/\\\/www.luminordic.com\\\/en\\\/#\\\/schema\\\/logo\\\/image\\\/\",\"url\":\"https:\\\/\\\/www.luminordic.com\\\/wp-content\\\/uploads\\\/2024\\\/06\\\/lumi-nordic-logo-light.svg\",\"contentUrl\":\"https:\\\/\\\/www.luminordic.com\\\/wp-content\\\/uploads\\\/2024\\\/06\\\/lumi-nordic-logo-light.svg\",\"width\":1,\"height\":1,\"caption\":\"Luminordic\"},\"image\":{\"@id\":\"https:\\\/\\\/www.luminordic.com\\\/en\\\/#\\\/schema\\\/logo\\\/image\\\/\"},\"sameAs\":[\"https:\\\/\\\/www.facebook.com\\\/luminordic\"],\"description\":\"LUMI is a natural skincare company offering science-backed solutions for problematic skin and everyday care.\",\"email\":\"hei@luminordic.com\",\"telephone\":\"+372 5663 2033.\",\"legalName\":\"PERFECT COSMETICS O\u00dc\",\"foundingDate\":\"2013-01-31\",\"vatID\":\"EE101608806\",\"numberOfEmployees\":{\"@type\":\"QuantitativeValue\",\"minValue\":\"11\",\"maxValue\":\"50\"}}]}<\/script>\n<!-- \/ Yoast SEO Premium plugin. -->","yoast_head_json":{"title":"Eco-Friendly Gift Box \u2013 Stylish & Sustainable | LUMI x KIUD","description":"Elevate your gift with a LUMI x KIUD eco-friendly gift box - crafted from upcycled textiles, built to last, and beautiful enough to reuse.","robots":{"index":"index","follow":"follow","max-snippet":"max-snippet:-1","max-image-preview":"max-image-preview:large","max-video-preview":"max-video-preview:-1"},"canonical":"https:\/\/www.luminordic.com\/en\/wp-json\/wp\/v2\/product\/198511\/","og_locale":"en_US","og_type":"article","og_title":"KIUD box","og_description":"Elevate your gift with a LUMI x KIUD eco-friendly gift box - crafted from upcycled textiles, built to last, and beautiful enough to reuse.","og_url":"https:\/\/www.luminordic.com\/en\/product\/kiud-eco-friendly-gift-box\/","og_site_name":"Luminordic","article_publisher":"https:\/\/www.facebook.com\/luminordic","article_modified_time":"2026-03-17T10:34:21+00:00","og_image":[{"width":1707,"height":2560,"url":"https:\/\/www.luminordic.com\/wp-content\/uploads\/2024\/11\/DSC09788-scaled.jpg","type":"image\/jpeg"}],"twitter_card":"summary_large_image","twitter_misc":{"Est. reading time":"1 minute"},"schema":{"@context":"https:\/\/schema.org","@graph":[{"@type":"WebPage","@id":"https:\/\/www.luminordic.com\/en\/product\/kiud-eco-friendly-gift-box\/","url":"https:\/\/www.luminordic.com\/en\/product\/kiud-eco-friendly-gift-box\/","name":"Eco-Friendly Gift Box \u2013 Stylish & Sustainable | LUMI x KIUD","isPartOf":{"@id":"https:\/\/www.luminordic.com\/en\/#website"},"primaryImageOfPage":{"@id":"https:\/\/www.luminordic.com\/en\/product\/kiud-eco-friendly-gift-box\/#primaryimage"},"image":{"@id":"https:\/\/www.luminordic.com\/en\/product\/kiud-eco-friendly-gift-box\/#primaryimage"},"thumbnailUrl":"https:\/\/www.luminordic.com\/wp-content\/uploads\/2024\/11\/DSC09788-scaled.jpg","datePublished":"2024-11-20T19:01:38+00:00","dateModified":"2026-03-17T10:34:21+00:00","description":"Elevate your gift with a LUMI x KIUD eco-friendly gift box - crafted from upcycled textiles, built to last, and beautiful enough to reuse.","breadcrumb":{"@id":"https:\/\/www.luminordic.com\/en\/product\/kiud-eco-friendly-gift-box\/#breadcrumb"},"inLanguage":"en-US","potentialAction":[{"@type":"ReadAction","target":["https:\/\/www.luminordic.com\/en\/product\/kiud-eco-friendly-gift-box\/"]}]},{"@type":"ImageObject","inLanguage":"en-US","@id":"https:\/\/www.luminordic.com\/en\/product\/kiud-eco-friendly-gift-box\/#primaryimage","url":"https:\/\/www.luminordic.com\/wp-content\/uploads\/2024\/11\/DSC09788-scaled.jpg","contentUrl":"https:\/\/www.luminordic.com\/wp-content\/uploads\/2024\/11\/DSC09788-scaled.jpg","width":1707,"height":2560,"caption":"LUMI x KIUD kinkekarp. Valmistatud tekstiilij\u00e4\u00e4tmetest. J\u00e4tkusuutlik. LUMI x KIUD eco-friendly gift box"},{"@type":"BreadcrumbList","@id":"https:\/\/www.luminordic.com\/en\/product\/kiud-eco-friendly-gift-box\/#breadcrumb","itemListElement":[{"@type":"ListItem","position":1,"name":"Avaleht","item":"https:\/\/www.luminordic.com\/en\/"},{"@type":"ListItem","position":2,"name":"All products","item":"https:\/\/www.luminordic.com\/en\/all-products\/"},{"@type":"ListItem","position":3,"name":"KIUD box"}]},{"@type":"WebSite","@id":"https:\/\/www.luminordic.com\/en\/#website","url":"https:\/\/www.luminordic.com\/en\/","name":"Luminordic","description":"","publisher":{"@id":"https:\/\/www.luminordic.com\/en\/#organization"},"potentialAction":[{"@type":"SearchAction","target":{"@type":"EntryPoint","urlTemplate":"https:\/\/www.luminordic.com\/en\/?s={search_term_string}"},"query-input":{"@type":"PropertyValueSpecification","valueRequired":true,"valueName":"search_term_string"}}],"inLanguage":"en-US"},{"@type":"Organization","@id":"https:\/\/www.luminordic.com\/en\/#organization","name":"Luminordic","alternateName":"LUMI","url":"https:\/\/www.luminordic.com\/en\/","logo":{"@type":"ImageObject","inLanguage":"en-US","@id":"https:\/\/www.luminordic.com\/en\/#\/schema\/logo\/image\/","url":"https:\/\/www.luminordic.com\/wp-content\/uploads\/2024\/06\/lumi-nordic-logo-light.svg","contentUrl":"https:\/\/www.luminordic.com\/wp-content\/uploads\/2024\/06\/lumi-nordic-logo-light.svg","width":1,"height":1,"caption":"Luminordic"},"image":{"@id":"https:\/\/www.luminordic.com\/en\/#\/schema\/logo\/image\/"},"sameAs":["https:\/\/www.facebook.com\/luminordic"],"description":"LUMI is a natural skincare company offering science-backed solutions for problematic skin and everyday care.","email":"hei@luminordic.com","telephone":"+372 5663 2033.","legalName":"PERFECT COSMETICS O\u00dc","foundingDate":"2013-01-31","vatID":"EE101608806","numberOfEmployees":{"@type":"QuantitativeValue","minValue":"11","maxValue":"50"}}]}},"_links":{"self":[{"href":"https:\/\/www.luminordic.com\/en\/wp-json\/wp\/v2\/product\/198511","targetHints":{"allow":["GET"]}}],"collection":[{"href":"https:\/\/www.luminordic.com\/en\/wp-json\/wp\/v2\/product"}],"about":[{"href":"https:\/\/www.luminordic.com\/en\/wp-json\/wp\/v2\/types\/product"}],"replies":[{"embeddable":true,"href":"https:\/\/www.luminordic.com\/en\/wp-json\/wp\/v2\/comments?post=198511"}],"wp:featuredmedia":[{"embeddable":true,"href":"https:\/\/www.luminordic.com\/en\/wp-json\/wp\/v2\/media\/198361"}],"wp:attachment":[{"href":"https:\/\/www.luminordic.com\/en\/wp-json\/wp\/v2\/media?parent=198511"}],"wp:term":[{"taxonomy":"product_brand","embeddable":true,"href":"https:\/\/www.luminordic.com\/en\/wp-json\/wp\/v2\/product_brand?post=198511"},{"taxonomy":"product_cat","embeddable":true,"href":"https:\/\/www.luminordic.com\/en\/wp-json\/wp\/v2\/product_cat?post=198511"},{"taxonomy":"product_tag","embeddable":true,"href":"https:\/\/www.luminordic.com\/en\/wp-json\/wp\/v2\/product_tag?post=198511"},{"taxonomy":"giftcard-category","embeddable":true,"href":"https:\/\/www.luminordic.com\/en\/wp-json\/wp\/v2\/giftcard-category?post=198511"}],"curies":[{"name":"wp","href":"https:\/\/api.w.org\/{rel}","templated":true}]}}