{"id":3578,"date":"2024-07-18T07:39:23","date_gmt":"2024-07-18T05:39:23","guid":{"rendered":"https:\/\/new.luminordic.com\/product\/iconic-overnight-peptide-treatment\/"},"modified":"2026-05-03T11:00:14","modified_gmt":"2026-05-03T09:00:14","slug":"iconic-overnight-peptide-treatment","status":"publish","type":"product","link":"https:\/\/www.luminordic.com\/en\/product\/iconic-overnight-peptide-treatment\/","title":{"rendered":"ICONIC Overnight Peptide Treatment"},"content":{"rendered":"","protected":false},"excerpt":{"rendered":"50ML | NIGHT CREAM WITH PEPTIDES | UNISEX","protected":false},"featured_media":3577,"comment_status":"closed","ping_status":"closed","template":"","meta":{"_acf_changed":false},"product_brand":[],"product_cat":[374,550,431,559],"product_tag":[],"giftcard-category":[],"class_list":{"0":"post-3578","1":"product","2":"type-product","3":"status-publish","4":"has-post-thumbnail","6":"product_cat-all-products","7":"product_cat-lumi-winter","8":"product_cat-face-cream","9":"product_cat-lumi-joulud","10":"serie-iconic-en","11":"skin_type-acne-scars","12":"skin_type-oily-skin","13":"skin_type-pigmentation","15":"first","16":"instock","17":"taxable","18":"shipping-taxable","19":"purchasable","20":"product-type-simple"},"acf":[],"yoast_head":"<!-- This site is optimized with the Yoast SEO Premium plugin v27.4 (Yoast SEO v27.4) - https:\/\/yoast.com\/product\/yoast-seo-premium-wordpress\/ -->\n<title>ICONIC Peptide Treatment | Reduce Wrinkles &amp; Pigmentation<\/title>\n<meta name=\"description\" content=\"Wake up radiant with ICONIC Overnight Peptide Treatment. A natural night cream that smooths wrinkles, fades pigmentation &amp; restores sensitive skin.\" \/>\n<meta name=\"robots\" content=\"index, follow, max-snippet:-1, max-image-preview:large, max-video-preview:-1\" \/>\n<link rel=\"canonical\" href=\"https:\/\/www.luminordic.com\/en\/wp-json\/wp\/v2\/product\/3578\/\" \/>\n<meta property=\"og:locale\" content=\"en_US\" \/>\n<meta property=\"og:type\" content=\"article\" \/>\n<meta property=\"og:title\" content=\"ICONIC Overnight Peptide Treatment\" \/>\n<meta property=\"og:description\" content=\"Wake up radiant with ICONIC Overnight Peptide Treatment. A natural night cream that smooths wrinkles, fades pigmentation &amp; restores sensitive skin.\" \/>\n<meta property=\"og:url\" content=\"https:\/\/www.luminordic.com\/en\/toode\/iconic-overnight-peptide-treatment\/\" \/>\n<meta property=\"og:site_name\" content=\"Luminordic\" \/>\n<meta property=\"article:publisher\" content=\"https:\/\/www.facebook.com\/luminordic\" \/>\n<meta property=\"article:modified_time\" content=\"2026-05-03T09:00:14+00:00\" \/>\n<meta property=\"og:image\" content=\"https:\/\/www.luminordic.com\/wp-content\/uploads\/2024\/07\/Overnight-peptide-treatment-scaled-5.jpg\" \/>\n\t<meta property=\"og:image:width\" content=\"1706\" \/>\n\t<meta property=\"og:image:height\" content=\"2560\" \/>\n\t<meta property=\"og:image:type\" content=\"image\/jpeg\" \/>\n<meta name=\"twitter:card\" content=\"summary_large_image\" \/>\n<meta name=\"twitter:label1\" content=\"Est. reading time\" \/>\n\t<meta name=\"twitter:data1\" content=\"1 minute\" \/>\n<script type=\"application\/ld+json\" class=\"yoast-schema-graph\">{\"@context\":\"https:\\\/\\\/schema.org\",\"@graph\":[{\"@type\":\"WebPage\",\"@id\":\"https:\\\/\\\/www.luminordic.com\\\/en\\\/toode\\\/iconic-overnight-peptide-treatment\\\/\",\"url\":\"https:\\\/\\\/www.luminordic.com\\\/en\\\/toode\\\/iconic-overnight-peptide-treatment\\\/\",\"name\":\"ICONIC Peptide Treatment | Reduce Wrinkles & Pigmentation\",\"isPartOf\":{\"@id\":\"https:\\\/\\\/www.luminordic.com\\\/en\\\/#website\"},\"primaryImageOfPage\":{\"@id\":\"https:\\\/\\\/www.luminordic.com\\\/en\\\/toode\\\/iconic-overnight-peptide-treatment\\\/#primaryimage\"},\"image\":{\"@id\":\"https:\\\/\\\/www.luminordic.com\\\/en\\\/toode\\\/iconic-overnight-peptide-treatment\\\/#primaryimage\"},\"thumbnailUrl\":\"https:\\\/\\\/www.luminordic.com\\\/wp-content\\\/uploads\\\/2024\\\/07\\\/Overnight-peptide-treatment-scaled-5.jpg\",\"datePublished\":\"2024-07-18T05:39:23+00:00\",\"dateModified\":\"2026-05-03T09:00:14+00:00\",\"description\":\"Wake up radiant with ICONIC Overnight Peptide Treatment. A natural night cream that smooths wrinkles, fades pigmentation & restores sensitive skin.\",\"breadcrumb\":{\"@id\":\"https:\\\/\\\/www.luminordic.com\\\/en\\\/toode\\\/iconic-overnight-peptide-treatment\\\/#breadcrumb\"},\"inLanguage\":\"en-US\",\"potentialAction\":[{\"@type\":\"ReadAction\",\"target\":[\"https:\\\/\\\/www.luminordic.com\\\/en\\\/toode\\\/iconic-overnight-peptide-treatment\\\/\"]}]},{\"@type\":\"ImageObject\",\"inLanguage\":\"en-US\",\"@id\":\"https:\\\/\\\/www.luminordic.com\\\/en\\\/toode\\\/iconic-overnight-peptide-treatment\\\/#primaryimage\",\"url\":\"https:\\\/\\\/www.luminordic.com\\\/wp-content\\\/uploads\\\/2024\\\/07\\\/Overnight-peptide-treatment-scaled-5.jpg\",\"contentUrl\":\"https:\\\/\\\/www.luminordic.com\\\/wp-content\\\/uploads\\\/2024\\\/07\\\/Overnight-peptide-treatment-scaled-5.jpg\",\"width\":1706,\"height\":2560,\"caption\":\"LUMI ICONIC Peptiididega \u00f6\u00f6kreem 50ml. Toode on unisex. Iconic \u00f6\u00f6kreem aitab naha tundlikkuse, pigmentatsiooni, punetuse, tuhmi ja elutu nahka, kortsukeste, p\u00f5letikuliste protsesside ja kuivuse korral.\"},{\"@type\":\"BreadcrumbList\",\"@id\":\"https:\\\/\\\/www.luminordic.com\\\/en\\\/toode\\\/iconic-overnight-peptide-treatment\\\/#breadcrumb\",\"itemListElement\":[{\"@type\":\"ListItem\",\"position\":1,\"name\":\"Avaleht\",\"item\":\"https:\\\/\\\/www.luminordic.com\\\/en\\\/\"},{\"@type\":\"ListItem\",\"position\":2,\"name\":\"All products\",\"item\":\"https:\\\/\\\/www.luminordic.com\\\/en\\\/all-products\\\/\"},{\"@type\":\"ListItem\",\"position\":3,\"name\":\"ICONIC Overnight Peptide Treatment\"}]},{\"@type\":\"WebSite\",\"@id\":\"https:\\\/\\\/www.luminordic.com\\\/en\\\/#website\",\"url\":\"https:\\\/\\\/www.luminordic.com\\\/en\\\/\",\"name\":\"Luminordic\",\"description\":\"\",\"publisher\":{\"@id\":\"https:\\\/\\\/www.luminordic.com\\\/en\\\/#organization\"},\"potentialAction\":[{\"@type\":\"SearchAction\",\"target\":{\"@type\":\"EntryPoint\",\"urlTemplate\":\"https:\\\/\\\/www.luminordic.com\\\/en\\\/?s={search_term_string}\"},\"query-input\":{\"@type\":\"PropertyValueSpecification\",\"valueRequired\":true,\"valueName\":\"search_term_string\"}}],\"inLanguage\":\"en-US\"},{\"@type\":\"Organization\",\"@id\":\"https:\\\/\\\/www.luminordic.com\\\/en\\\/#organization\",\"name\":\"Luminordic\",\"alternateName\":\"LUMI\",\"url\":\"https:\\\/\\\/www.luminordic.com\\\/en\\\/\",\"logo\":{\"@type\":\"ImageObject\",\"inLanguage\":\"en-US\",\"@id\":\"https:\\\/\\\/www.luminordic.com\\\/en\\\/#\\\/schema\\\/logo\\\/image\\\/\",\"url\":\"https:\\\/\\\/www.luminordic.com\\\/wp-content\\\/uploads\\\/2024\\\/06\\\/lumi-nordic-logo-light.svg\",\"contentUrl\":\"https:\\\/\\\/www.luminordic.com\\\/wp-content\\\/uploads\\\/2024\\\/06\\\/lumi-nordic-logo-light.svg\",\"width\":1,\"height\":1,\"caption\":\"Luminordic\"},\"image\":{\"@id\":\"https:\\\/\\\/www.luminordic.com\\\/en\\\/#\\\/schema\\\/logo\\\/image\\\/\"},\"sameAs\":[\"https:\\\/\\\/www.facebook.com\\\/luminordic\"],\"description\":\"LUMI is a natural skincare company offering science-backed solutions for problematic skin and everyday care.\",\"email\":\"hei@luminordic.com\",\"telephone\":\"+372 5663 2033.\",\"legalName\":\"PERFECT COSMETICS O\u00dc\",\"foundingDate\":\"2013-01-31\",\"vatID\":\"EE101608806\",\"numberOfEmployees\":{\"@type\":\"QuantitativeValue\",\"minValue\":\"11\",\"maxValue\":\"50\"}}]}<\/script>\n<!-- \/ Yoast SEO Premium plugin. -->","yoast_head_json":{"title":"ICONIC Peptide Treatment | Reduce Wrinkles & Pigmentation","description":"Wake up radiant with ICONIC Overnight Peptide Treatment. A natural night cream that smooths wrinkles, fades pigmentation & restores sensitive skin.","robots":{"index":"index","follow":"follow","max-snippet":"max-snippet:-1","max-image-preview":"max-image-preview:large","max-video-preview":"max-video-preview:-1"},"canonical":"https:\/\/www.luminordic.com\/en\/wp-json\/wp\/v2\/product\/3578\/","og_locale":"en_US","og_type":"article","og_title":"ICONIC Overnight Peptide Treatment","og_description":"Wake up radiant with ICONIC Overnight Peptide Treatment. A natural night cream that smooths wrinkles, fades pigmentation & restores sensitive skin.","og_url":"https:\/\/www.luminordic.com\/en\/toode\/iconic-overnight-peptide-treatment\/","og_site_name":"Luminordic","article_publisher":"https:\/\/www.facebook.com\/luminordic","article_modified_time":"2026-05-03T09:00:14+00:00","og_image":[{"width":1706,"height":2560,"url":"https:\/\/www.luminordic.com\/wp-content\/uploads\/2024\/07\/Overnight-peptide-treatment-scaled-5.jpg","type":"image\/jpeg"}],"twitter_card":"summary_large_image","twitter_misc":{"Est. reading time":"1 minute"},"schema":{"@context":"https:\/\/schema.org","@graph":[{"@type":"WebPage","@id":"https:\/\/www.luminordic.com\/en\/toode\/iconic-overnight-peptide-treatment\/","url":"https:\/\/www.luminordic.com\/en\/toode\/iconic-overnight-peptide-treatment\/","name":"ICONIC Peptide Treatment | Reduce Wrinkles & Pigmentation","isPartOf":{"@id":"https:\/\/www.luminordic.com\/en\/#website"},"primaryImageOfPage":{"@id":"https:\/\/www.luminordic.com\/en\/toode\/iconic-overnight-peptide-treatment\/#primaryimage"},"image":{"@id":"https:\/\/www.luminordic.com\/en\/toode\/iconic-overnight-peptide-treatment\/#primaryimage"},"thumbnailUrl":"https:\/\/www.luminordic.com\/wp-content\/uploads\/2024\/07\/Overnight-peptide-treatment-scaled-5.jpg","datePublished":"2024-07-18T05:39:23+00:00","dateModified":"2026-05-03T09:00:14+00:00","description":"Wake up radiant with ICONIC Overnight Peptide Treatment. A natural night cream that smooths wrinkles, fades pigmentation & restores sensitive skin.","breadcrumb":{"@id":"https:\/\/www.luminordic.com\/en\/toode\/iconic-overnight-peptide-treatment\/#breadcrumb"},"inLanguage":"en-US","potentialAction":[{"@type":"ReadAction","target":["https:\/\/www.luminordic.com\/en\/toode\/iconic-overnight-peptide-treatment\/"]}]},{"@type":"ImageObject","inLanguage":"en-US","@id":"https:\/\/www.luminordic.com\/en\/toode\/iconic-overnight-peptide-treatment\/#primaryimage","url":"https:\/\/www.luminordic.com\/wp-content\/uploads\/2024\/07\/Overnight-peptide-treatment-scaled-5.jpg","contentUrl":"https:\/\/www.luminordic.com\/wp-content\/uploads\/2024\/07\/Overnight-peptide-treatment-scaled-5.jpg","width":1706,"height":2560,"caption":"LUMI ICONIC Peptiididega \u00f6\u00f6kreem 50ml. Toode on unisex. Iconic \u00f6\u00f6kreem aitab naha tundlikkuse, pigmentatsiooni, punetuse, tuhmi ja elutu nahka, kortsukeste, p\u00f5letikuliste protsesside ja kuivuse korral."},{"@type":"BreadcrumbList","@id":"https:\/\/www.luminordic.com\/en\/toode\/iconic-overnight-peptide-treatment\/#breadcrumb","itemListElement":[{"@type":"ListItem","position":1,"name":"Avaleht","item":"https:\/\/www.luminordic.com\/en\/"},{"@type":"ListItem","position":2,"name":"All products","item":"https:\/\/www.luminordic.com\/en\/all-products\/"},{"@type":"ListItem","position":3,"name":"ICONIC Overnight Peptide Treatment"}]},{"@type":"WebSite","@id":"https:\/\/www.luminordic.com\/en\/#website","url":"https:\/\/www.luminordic.com\/en\/","name":"Luminordic","description":"","publisher":{"@id":"https:\/\/www.luminordic.com\/en\/#organization"},"potentialAction":[{"@type":"SearchAction","target":{"@type":"EntryPoint","urlTemplate":"https:\/\/www.luminordic.com\/en\/?s={search_term_string}"},"query-input":{"@type":"PropertyValueSpecification","valueRequired":true,"valueName":"search_term_string"}}],"inLanguage":"en-US"},{"@type":"Organization","@id":"https:\/\/www.luminordic.com\/en\/#organization","name":"Luminordic","alternateName":"LUMI","url":"https:\/\/www.luminordic.com\/en\/","logo":{"@type":"ImageObject","inLanguage":"en-US","@id":"https:\/\/www.luminordic.com\/en\/#\/schema\/logo\/image\/","url":"https:\/\/www.luminordic.com\/wp-content\/uploads\/2024\/06\/lumi-nordic-logo-light.svg","contentUrl":"https:\/\/www.luminordic.com\/wp-content\/uploads\/2024\/06\/lumi-nordic-logo-light.svg","width":1,"height":1,"caption":"Luminordic"},"image":{"@id":"https:\/\/www.luminordic.com\/en\/#\/schema\/logo\/image\/"},"sameAs":["https:\/\/www.facebook.com\/luminordic"],"description":"LUMI is a natural skincare company offering science-backed solutions for problematic skin and everyday care.","email":"hei@luminordic.com","telephone":"+372 5663 2033.","legalName":"PERFECT COSMETICS O\u00dc","foundingDate":"2013-01-31","vatID":"EE101608806","numberOfEmployees":{"@type":"QuantitativeValue","minValue":"11","maxValue":"50"}}]}},"_links":{"self":[{"href":"https:\/\/www.luminordic.com\/en\/wp-json\/wp\/v2\/product\/3578","targetHints":{"allow":["GET"]}}],"collection":[{"href":"https:\/\/www.luminordic.com\/en\/wp-json\/wp\/v2\/product"}],"about":[{"href":"https:\/\/www.luminordic.com\/en\/wp-json\/wp\/v2\/types\/product"}],"replies":[{"embeddable":true,"href":"https:\/\/www.luminordic.com\/en\/wp-json\/wp\/v2\/comments?post=3578"}],"wp:featuredmedia":[{"embeddable":true,"href":"https:\/\/www.luminordic.com\/en\/wp-json\/wp\/v2\/media\/3577"}],"wp:attachment":[{"href":"https:\/\/www.luminordic.com\/en\/wp-json\/wp\/v2\/media?parent=3578"}],"wp:term":[{"taxonomy":"product_brand","embeddable":true,"href":"https:\/\/www.luminordic.com\/en\/wp-json\/wp\/v2\/product_brand?post=3578"},{"taxonomy":"product_cat","embeddable":true,"href":"https:\/\/www.luminordic.com\/en\/wp-json\/wp\/v2\/product_cat?post=3578"},{"taxonomy":"product_tag","embeddable":true,"href":"https:\/\/www.luminordic.com\/en\/wp-json\/wp\/v2\/product_tag?post=3578"},{"taxonomy":"giftcard-category","embeddable":true,"href":"https:\/\/www.luminordic.com\/en\/wp-json\/wp\/v2\/giftcard-category?post=3578"}],"curies":[{"name":"wp","href":"https:\/\/api.w.org\/{rel}","templated":true}]}}