{"id":3783,"date":"2024-07-18T07:44:38","date_gmt":"2024-07-18T05:44:38","guid":{"rendered":"https:\/\/new.luminordic.com\/product\/la-laa-baby-oil\/"},"modified":"2026-04-30T13:33:53","modified_gmt":"2026-04-30T11:33:53","slug":"superbloom-night-serum","status":"publish","type":"product","link":"https:\/\/www.luminordic.com\/en\/product\/superbloom-night-serum\/","title":{"rendered":"Superbloom Vitamin C Night Serum"},"content":{"rendered":"","protected":false},"excerpt":{"rendered":"30 ml | Skin that&#8217;s softer, younger, and more firm | For all skin types | 100% certified organic ingredients","protected":false},"featured_media":199466,"comment_status":"open","ping_status":"closed","template":"","meta":{"_acf_changed":false},"product_brand":[],"product_cat":[374,550,431,546,559,448],"product_tag":[522],"giftcard-category":[],"class_list":{"0":"post-3783","1":"product","2":"type-product","3":"status-publish","4":"has-post-thumbnail","6":"product_cat-all-products","7":"product_cat-lumi-winter","8":"product_cat-face-cream","9":"product_cat-fastsia-en","10":"product_cat-lumi-joulud","11":"product_cat-lumi-spring","12":"product_tag-multipurpose-en","13":"serie-superbloom-en","14":"skin_type-acne-and-impurities","15":"skin_type-acne-scars","16":"skin_type-combination-skin","17":"skin_type-dryness","18":"skin_type-lifeless-and-dull","19":"skin_type-normal-skin","20":"skin_type-pigmentation","21":"skin_type-surface-dryness","22":"skin_type-wrinkles-saggy-skin","24":"first","25":"instock","26":"taxable","27":"shipping-taxable","28":"purchasable","29":"product-type-simple"},"acf":[],"yoast_head":"<!-- This site is optimized with the Yoast SEO Premium plugin v27.4 (Yoast SEO v27.4) - https:\/\/yoast.com\/product\/yoast-seo-premium-wordpress\/ -->\n<title>Superbloom Vitamin C Night Serum | Natural Anti-Aging Care<\/title>\n<meta name=\"description\" content=\"Superbloom Vitamin C Night Serum: an all-natural formula with vitamins C &amp; E, red algae &amp; squalane to brighten, firm &amp; fight premature aging overnight.\" \/>\n<meta name=\"robots\" content=\"index, follow, max-snippet:-1, max-image-preview:large, max-video-preview:-1\" \/>\n<link rel=\"canonical\" href=\"https:\/\/www.luminordic.com\/en\/wp-json\/wp\/v2\/product\/3783\/\" \/>\n<meta property=\"og:locale\" content=\"en_US\" \/>\n<meta property=\"og:type\" content=\"article\" \/>\n<meta property=\"og:title\" content=\"Superbloom Vitamin C Night Serum\" \/>\n<meta property=\"og:description\" content=\"Superbloom Vitamin C Night Serum: an all-natural formula with vitamins C &amp; E, red algae &amp; squalane to brighten, firm &amp; fight premature aging overnight.\" \/>\n<meta property=\"og:url\" content=\"https:\/\/www.luminordic.com\/toode\/superbloom-c-vitamiini-ooseerum\/\" \/>\n<meta property=\"og:site_name\" content=\"Luminordic\" \/>\n<meta property=\"article:publisher\" content=\"https:\/\/www.facebook.com\/luminordic\" \/>\n<meta property=\"article:modified_time\" content=\"2026-04-30T11:33:53+00:00\" \/>\n<meta property=\"og:image\" content=\"https:\/\/www.luminordic.com\/wp-content\/uploads\/2024\/07\/Superbloom-ooseerum--scaled.jpg\" \/>\n\t<meta property=\"og:image:width\" content=\"1707\" \/>\n\t<meta property=\"og:image:height\" content=\"2560\" \/>\n\t<meta property=\"og:image:type\" content=\"image\/jpeg\" \/>\n<meta name=\"twitter:card\" content=\"summary_large_image\" \/>\n<meta name=\"twitter:label1\" content=\"Est. reading time\" \/>\n\t<meta name=\"twitter:data1\" content=\"1 minute\" \/>\n<script type=\"application\/ld+json\" class=\"yoast-schema-graph\">{\"@context\":\"https:\\\/\\\/schema.org\",\"@graph\":[{\"@type\":\"WebPage\",\"@id\":\"https:\\\/\\\/www.luminordic.com\\\/toode\\\/superbloom-c-vitamiini-ooseerum\\\/\",\"url\":\"https:\\\/\\\/www.luminordic.com\\\/toode\\\/superbloom-c-vitamiini-ooseerum\\\/\",\"name\":\"Superbloom Vitamin C Night Serum | Natural Anti-Aging Care\",\"isPartOf\":{\"@id\":\"https:\\\/\\\/www.luminordic.com\\\/en\\\/#website\"},\"primaryImageOfPage\":{\"@id\":\"https:\\\/\\\/www.luminordic.com\\\/toode\\\/superbloom-c-vitamiini-ooseerum\\\/#primaryimage\"},\"image\":{\"@id\":\"https:\\\/\\\/www.luminordic.com\\\/toode\\\/superbloom-c-vitamiini-ooseerum\\\/#primaryimage\"},\"thumbnailUrl\":\"https:\\\/\\\/www.luminordic.com\\\/wp-content\\\/uploads\\\/2024\\\/07\\\/Superbloom-ooseerum--scaled.jpg\",\"datePublished\":\"2024-07-18T05:44:38+00:00\",\"dateModified\":\"2026-04-30T11:33:53+00:00\",\"description\":\"Superbloom Vitamin C Night Serum: an all-natural formula with vitamins C & E, red algae & squalane to brighten, firm & fight premature aging overnight.\",\"breadcrumb\":{\"@id\":\"https:\\\/\\\/www.luminordic.com\\\/toode\\\/superbloom-c-vitamiini-ooseerum\\\/#breadcrumb\"},\"inLanguage\":\"en-US\",\"potentialAction\":[{\"@type\":\"ReadAction\",\"target\":[\"https:\\\/\\\/www.luminordic.com\\\/toode\\\/superbloom-c-vitamiini-ooseerum\\\/\"]}]},{\"@type\":\"ImageObject\",\"inLanguage\":\"en-US\",\"@id\":\"https:\\\/\\\/www.luminordic.com\\\/toode\\\/superbloom-c-vitamiini-ooseerum\\\/#primaryimage\",\"url\":\"https:\\\/\\\/www.luminordic.com\\\/wp-content\\\/uploads\\\/2024\\\/07\\\/Superbloom-ooseerum--scaled.jpg\",\"contentUrl\":\"https:\\\/\\\/www.luminordic.com\\\/wp-content\\\/uploads\\\/2024\\\/07\\\/Superbloom-ooseerum--scaled.jpg\",\"width\":1707,\"height\":2560,\"caption\":\"LUMI 30ml Superbloom C-vitamiini \u00f6\u00f6seerum. K\u00f5ikidele nahat\u00fc\u00fcpidele. 100% mahesertifikaadiga koostis. Pehme, nooruslikum ja pringim nahk.\"},{\"@type\":\"BreadcrumbList\",\"@id\":\"https:\\\/\\\/www.luminordic.com\\\/toode\\\/superbloom-c-vitamiini-ooseerum\\\/#breadcrumb\",\"itemListElement\":[{\"@type\":\"ListItem\",\"position\":1,\"name\":\"Avaleht\",\"item\":\"https:\\\/\\\/www.luminordic.com\\\/en\\\/\"},{\"@type\":\"ListItem\",\"position\":2,\"name\":\"All products\",\"item\":\"https:\\\/\\\/www.luminordic.com\\\/en\\\/all-products\\\/\"},{\"@type\":\"ListItem\",\"position\":3,\"name\":\"Superbloom Vitamin C Night Serum\"}]},{\"@type\":\"WebSite\",\"@id\":\"https:\\\/\\\/www.luminordic.com\\\/en\\\/#website\",\"url\":\"https:\\\/\\\/www.luminordic.com\\\/en\\\/\",\"name\":\"Luminordic\",\"description\":\"\",\"publisher\":{\"@id\":\"https:\\\/\\\/www.luminordic.com\\\/en\\\/#organization\"},\"potentialAction\":[{\"@type\":\"SearchAction\",\"target\":{\"@type\":\"EntryPoint\",\"urlTemplate\":\"https:\\\/\\\/www.luminordic.com\\\/en\\\/?s={search_term_string}\"},\"query-input\":{\"@type\":\"PropertyValueSpecification\",\"valueRequired\":true,\"valueName\":\"search_term_string\"}}],\"inLanguage\":\"en-US\"},{\"@type\":\"Organization\",\"@id\":\"https:\\\/\\\/www.luminordic.com\\\/en\\\/#organization\",\"name\":\"Luminordic\",\"alternateName\":\"LUMI\",\"url\":\"https:\\\/\\\/www.luminordic.com\\\/en\\\/\",\"logo\":{\"@type\":\"ImageObject\",\"inLanguage\":\"en-US\",\"@id\":\"https:\\\/\\\/www.luminordic.com\\\/en\\\/#\\\/schema\\\/logo\\\/image\\\/\",\"url\":\"https:\\\/\\\/www.luminordic.com\\\/wp-content\\\/uploads\\\/2024\\\/06\\\/lumi-nordic-logo-light.svg\",\"contentUrl\":\"https:\\\/\\\/www.luminordic.com\\\/wp-content\\\/uploads\\\/2024\\\/06\\\/lumi-nordic-logo-light.svg\",\"width\":1,\"height\":1,\"caption\":\"Luminordic\"},\"image\":{\"@id\":\"https:\\\/\\\/www.luminordic.com\\\/en\\\/#\\\/schema\\\/logo\\\/image\\\/\"},\"sameAs\":[\"https:\\\/\\\/www.facebook.com\\\/luminordic\"],\"description\":\"LUMI is a natural skincare company offering science-backed solutions for problematic skin and everyday care.\",\"email\":\"hei@luminordic.com\",\"telephone\":\"+372 5663 2033.\",\"legalName\":\"PERFECT COSMETICS O\u00dc\",\"foundingDate\":\"2013-01-31\",\"vatID\":\"EE101608806\",\"numberOfEmployees\":{\"@type\":\"QuantitativeValue\",\"minValue\":\"11\",\"maxValue\":\"50\"}}]}<\/script>\n<!-- \/ Yoast SEO Premium plugin. -->","yoast_head_json":{"title":"Superbloom Vitamin C Night Serum | Natural Anti-Aging Care","description":"Superbloom Vitamin C Night Serum: an all-natural formula with vitamins C & E, red algae & squalane to brighten, firm & fight premature aging overnight.","robots":{"index":"index","follow":"follow","max-snippet":"max-snippet:-1","max-image-preview":"max-image-preview:large","max-video-preview":"max-video-preview:-1"},"canonical":"https:\/\/www.luminordic.com\/en\/wp-json\/wp\/v2\/product\/3783\/","og_locale":"en_US","og_type":"article","og_title":"Superbloom Vitamin C Night Serum","og_description":"Superbloom Vitamin C Night Serum: an all-natural formula with vitamins C & E, red algae & squalane to brighten, firm & fight premature aging overnight.","og_url":"https:\/\/www.luminordic.com\/toode\/superbloom-c-vitamiini-ooseerum\/","og_site_name":"Luminordic","article_publisher":"https:\/\/www.facebook.com\/luminordic","article_modified_time":"2026-04-30T11:33:53+00:00","og_image":[{"width":1707,"height":2560,"url":"https:\/\/www.luminordic.com\/wp-content\/uploads\/2024\/07\/Superbloom-ooseerum--scaled.jpg","type":"image\/jpeg"}],"twitter_card":"summary_large_image","twitter_misc":{"Est. reading time":"1 minute"},"schema":{"@context":"https:\/\/schema.org","@graph":[{"@type":"WebPage","@id":"https:\/\/www.luminordic.com\/toode\/superbloom-c-vitamiini-ooseerum\/","url":"https:\/\/www.luminordic.com\/toode\/superbloom-c-vitamiini-ooseerum\/","name":"Superbloom Vitamin C Night Serum | Natural Anti-Aging Care","isPartOf":{"@id":"https:\/\/www.luminordic.com\/en\/#website"},"primaryImageOfPage":{"@id":"https:\/\/www.luminordic.com\/toode\/superbloom-c-vitamiini-ooseerum\/#primaryimage"},"image":{"@id":"https:\/\/www.luminordic.com\/toode\/superbloom-c-vitamiini-ooseerum\/#primaryimage"},"thumbnailUrl":"https:\/\/www.luminordic.com\/wp-content\/uploads\/2024\/07\/Superbloom-ooseerum--scaled.jpg","datePublished":"2024-07-18T05:44:38+00:00","dateModified":"2026-04-30T11:33:53+00:00","description":"Superbloom Vitamin C Night Serum: an all-natural formula with vitamins C & E, red algae & squalane to brighten, firm & fight premature aging overnight.","breadcrumb":{"@id":"https:\/\/www.luminordic.com\/toode\/superbloom-c-vitamiini-ooseerum\/#breadcrumb"},"inLanguage":"en-US","potentialAction":[{"@type":"ReadAction","target":["https:\/\/www.luminordic.com\/toode\/superbloom-c-vitamiini-ooseerum\/"]}]},{"@type":"ImageObject","inLanguage":"en-US","@id":"https:\/\/www.luminordic.com\/toode\/superbloom-c-vitamiini-ooseerum\/#primaryimage","url":"https:\/\/www.luminordic.com\/wp-content\/uploads\/2024\/07\/Superbloom-ooseerum--scaled.jpg","contentUrl":"https:\/\/www.luminordic.com\/wp-content\/uploads\/2024\/07\/Superbloom-ooseerum--scaled.jpg","width":1707,"height":2560,"caption":"LUMI 30ml Superbloom C-vitamiini \u00f6\u00f6seerum. K\u00f5ikidele nahat\u00fc\u00fcpidele. 100% mahesertifikaadiga koostis. Pehme, nooruslikum ja pringim nahk."},{"@type":"BreadcrumbList","@id":"https:\/\/www.luminordic.com\/toode\/superbloom-c-vitamiini-ooseerum\/#breadcrumb","itemListElement":[{"@type":"ListItem","position":1,"name":"Avaleht","item":"https:\/\/www.luminordic.com\/en\/"},{"@type":"ListItem","position":2,"name":"All products","item":"https:\/\/www.luminordic.com\/en\/all-products\/"},{"@type":"ListItem","position":3,"name":"Superbloom Vitamin C Night Serum"}]},{"@type":"WebSite","@id":"https:\/\/www.luminordic.com\/en\/#website","url":"https:\/\/www.luminordic.com\/en\/","name":"Luminordic","description":"","publisher":{"@id":"https:\/\/www.luminordic.com\/en\/#organization"},"potentialAction":[{"@type":"SearchAction","target":{"@type":"EntryPoint","urlTemplate":"https:\/\/www.luminordic.com\/en\/?s={search_term_string}"},"query-input":{"@type":"PropertyValueSpecification","valueRequired":true,"valueName":"search_term_string"}}],"inLanguage":"en-US"},{"@type":"Organization","@id":"https:\/\/www.luminordic.com\/en\/#organization","name":"Luminordic","alternateName":"LUMI","url":"https:\/\/www.luminordic.com\/en\/","logo":{"@type":"ImageObject","inLanguage":"en-US","@id":"https:\/\/www.luminordic.com\/en\/#\/schema\/logo\/image\/","url":"https:\/\/www.luminordic.com\/wp-content\/uploads\/2024\/06\/lumi-nordic-logo-light.svg","contentUrl":"https:\/\/www.luminordic.com\/wp-content\/uploads\/2024\/06\/lumi-nordic-logo-light.svg","width":1,"height":1,"caption":"Luminordic"},"image":{"@id":"https:\/\/www.luminordic.com\/en\/#\/schema\/logo\/image\/"},"sameAs":["https:\/\/www.facebook.com\/luminordic"],"description":"LUMI is a natural skincare company offering science-backed solutions for problematic skin and everyday care.","email":"hei@luminordic.com","telephone":"+372 5663 2033.","legalName":"PERFECT COSMETICS O\u00dc","foundingDate":"2013-01-31","vatID":"EE101608806","numberOfEmployees":{"@type":"QuantitativeValue","minValue":"11","maxValue":"50"}}]}},"_links":{"self":[{"href":"https:\/\/www.luminordic.com\/en\/wp-json\/wp\/v2\/product\/3783","targetHints":{"allow":["GET"]}}],"collection":[{"href":"https:\/\/www.luminordic.com\/en\/wp-json\/wp\/v2\/product"}],"about":[{"href":"https:\/\/www.luminordic.com\/en\/wp-json\/wp\/v2\/types\/product"}],"replies":[{"embeddable":true,"href":"https:\/\/www.luminordic.com\/en\/wp-json\/wp\/v2\/comments?post=3783"}],"wp:featuredmedia":[{"embeddable":true,"href":"https:\/\/www.luminordic.com\/en\/wp-json\/wp\/v2\/media\/199466"}],"wp:attachment":[{"href":"https:\/\/www.luminordic.com\/en\/wp-json\/wp\/v2\/media?parent=3783"}],"wp:term":[{"taxonomy":"product_brand","embeddable":true,"href":"https:\/\/www.luminordic.com\/en\/wp-json\/wp\/v2\/product_brand?post=3783"},{"taxonomy":"product_cat","embeddable":true,"href":"https:\/\/www.luminordic.com\/en\/wp-json\/wp\/v2\/product_cat?post=3783"},{"taxonomy":"product_tag","embeddable":true,"href":"https:\/\/www.luminordic.com\/en\/wp-json\/wp\/v2\/product_tag?post=3783"},{"taxonomy":"giftcard-category","embeddable":true,"href":"https:\/\/www.luminordic.com\/en\/wp-json\/wp\/v2\/giftcard-category?post=3783"}],"curies":[{"name":"wp","href":"https:\/\/api.w.org\/{rel}","templated":true}]}}