{"id":3797,"date":"2024-07-18T07:46:06","date_gmt":"2024-07-18T07:46:06","guid":{"rendered":"https:\/\/new.luminordic.com\/product\/babyface-makeup-remover\/"},"modified":"2026-04-30T12:31:15","modified_gmt":"2026-04-30T10:31:15","slug":"hello-eye-serum","status":"publish","type":"product","link":"https:\/\/www.luminordic.com\/en\/product\/hello-eye-serum\/","title":{"rendered":"Hello Eye Serum"},"content":{"rendered":"","protected":false},"excerpt":{"rendered":"10 ml roller bottle | Refreshes, revitalizes and smoothes the skin under the eyes | For all skin types","protected":false},"featured_media":3823,"comment_status":"open","ping_status":"closed","template":"","meta":{"_acf_changed":false},"product_brand":[],"product_cat":[374,431,559],"product_tag":[325],"giftcard-category":[],"class_list":{"0":"post-3797","1":"product","2":"type-product","3":"status-publish","4":"has-post-thumbnail","6":"product_cat-all-products","7":"product_cat-face-cream","8":"product_cat-lumi-joulud","9":"product_tag-awarded","10":"skin_type-dryness","11":"skin_type-lifeless-and-dull","12":"skin_type-wrinkles-saggy-skin","14":"first","15":"instock","16":"taxable","17":"shipping-taxable","18":"purchasable","19":"product-type-simple"},"acf":[],"yoast_head":"<!-- This site is optimized with the Yoast SEO Premium plugin v27.4 (Yoast SEO v27.4) - https:\/\/yoast.com\/product\/yoast-seo-premium-wordpress\/ -->\n<title>Hello Eye Serum - Luminordic<\/title>\n<meta name=\"robots\" content=\"index, follow, max-snippet:-1, max-image-preview:large, max-video-preview:-1\" \/>\n<link rel=\"canonical\" href=\"https:\/\/www.luminordic.com\/en\/wp-json\/wp\/v2\/product\/3797\/\" \/>\n<meta property=\"og:locale\" content=\"en_US\" \/>\n<meta property=\"og:type\" content=\"article\" \/>\n<meta property=\"og:title\" content=\"Hello Eye Serum\" \/>\n<meta property=\"og:description\" content=\"10 ml roller bottle | Refreshes, revitalizes and smoothes the skin under the eyes | For all skin types\" \/>\n<meta property=\"og:url\" content=\"https:\/\/www.luminordic.com\/en\/product\/hello-eye-serum\/\" \/>\n<meta property=\"og:site_name\" content=\"Luminordic\" \/>\n<meta property=\"article:publisher\" content=\"https:\/\/www.facebook.com\/luminordic\" \/>\n<meta property=\"article:modified_time\" content=\"2026-04-30T10:31:15+00:00\" \/>\n<meta property=\"og:image\" content=\"https:\/\/www.luminordic.com\/wp-content\/uploads\/2024\/07\/Veebi-kleepsud-6-scaled-1.jpg\" \/>\n\t<meta property=\"og:image:width\" content=\"1707\" \/>\n\t<meta property=\"og:image:height\" content=\"2560\" \/>\n\t<meta property=\"og:image:type\" content=\"image\/jpeg\" \/>\n<meta name=\"twitter:card\" content=\"summary_large_image\" \/>\n<meta name=\"twitter:label1\" content=\"Est. reading time\" \/>\n\t<meta name=\"twitter:data1\" content=\"1 minute\" \/>\n<script type=\"application\/ld+json\" class=\"yoast-schema-graph\">{\"@context\":\"https:\\\/\\\/schema.org\",\"@graph\":[{\"@type\":\"WebPage\",\"@id\":\"https:\\\/\\\/www.luminordic.com\\\/en\\\/product\\\/hello-eye-serum\\\/\",\"url\":\"https:\\\/\\\/www.luminordic.com\\\/en\\\/product\\\/hello-eye-serum\\\/\",\"name\":\"Hello Eye Serum - Luminordic\",\"isPartOf\":{\"@id\":\"https:\\\/\\\/www.luminordic.com\\\/en\\\/#website\"},\"primaryImageOfPage\":{\"@id\":\"https:\\\/\\\/www.luminordic.com\\\/en\\\/product\\\/hello-eye-serum\\\/#primaryimage\"},\"image\":{\"@id\":\"https:\\\/\\\/www.luminordic.com\\\/en\\\/product\\\/hello-eye-serum\\\/#primaryimage\"},\"thumbnailUrl\":\"https:\\\/\\\/www.luminordic.com\\\/wp-content\\\/uploads\\\/2024\\\/07\\\/Veebi-kleepsud-6-scaled-1.jpg\",\"datePublished\":\"2024-07-18T07:46:06+00:00\",\"dateModified\":\"2026-04-30T10:31:15+00:00\",\"breadcrumb\":{\"@id\":\"https:\\\/\\\/www.luminordic.com\\\/en\\\/product\\\/hello-eye-serum\\\/#breadcrumb\"},\"inLanguage\":\"en-US\",\"potentialAction\":[{\"@type\":\"ReadAction\",\"target\":[\"https:\\\/\\\/www.luminordic.com\\\/en\\\/product\\\/hello-eye-serum\\\/\"]}]},{\"@type\":\"ImageObject\",\"inLanguage\":\"en-US\",\"@id\":\"https:\\\/\\\/www.luminordic.com\\\/en\\\/product\\\/hello-eye-serum\\\/#primaryimage\",\"url\":\"https:\\\/\\\/www.luminordic.com\\\/wp-content\\\/uploads\\\/2024\\\/07\\\/Veebi-kleepsud-6-scaled-1.jpg\",\"contentUrl\":\"https:\\\/\\\/www.luminordic.com\\\/wp-content\\\/uploads\\\/2024\\\/07\\\/Veebi-kleepsud-6-scaled-1.jpg\",\"width\":1707,\"height\":2560,\"caption\":\"LUMI 10ml rullikuga Hello silmaseerum. V\u00e4rskendab, elustab ja silub silmaalused. Igale nahat\u00fc\u00fcbile.\"},{\"@type\":\"BreadcrumbList\",\"@id\":\"https:\\\/\\\/www.luminordic.com\\\/en\\\/product\\\/hello-eye-serum\\\/#breadcrumb\",\"itemListElement\":[{\"@type\":\"ListItem\",\"position\":1,\"name\":\"Avaleht\",\"item\":\"https:\\\/\\\/www.luminordic.com\\\/en\\\/\"},{\"@type\":\"ListItem\",\"position\":2,\"name\":\"All products\",\"item\":\"https:\\\/\\\/www.luminordic.com\\\/en\\\/all-products\\\/\"},{\"@type\":\"ListItem\",\"position\":3,\"name\":\"Hello Eye Serum\"}]},{\"@type\":\"WebSite\",\"@id\":\"https:\\\/\\\/www.luminordic.com\\\/en\\\/#website\",\"url\":\"https:\\\/\\\/www.luminordic.com\\\/en\\\/\",\"name\":\"Luminordic\",\"description\":\"\",\"publisher\":{\"@id\":\"https:\\\/\\\/www.luminordic.com\\\/en\\\/#organization\"},\"potentialAction\":[{\"@type\":\"SearchAction\",\"target\":{\"@type\":\"EntryPoint\",\"urlTemplate\":\"https:\\\/\\\/www.luminordic.com\\\/en\\\/?s={search_term_string}\"},\"query-input\":{\"@type\":\"PropertyValueSpecification\",\"valueRequired\":true,\"valueName\":\"search_term_string\"}}],\"inLanguage\":\"en-US\"},{\"@type\":\"Organization\",\"@id\":\"https:\\\/\\\/www.luminordic.com\\\/en\\\/#organization\",\"name\":\"Luminordic\",\"alternateName\":\"LUMI\",\"url\":\"https:\\\/\\\/www.luminordic.com\\\/en\\\/\",\"logo\":{\"@type\":\"ImageObject\",\"inLanguage\":\"en-US\",\"@id\":\"https:\\\/\\\/www.luminordic.com\\\/en\\\/#\\\/schema\\\/logo\\\/image\\\/\",\"url\":\"https:\\\/\\\/www.luminordic.com\\\/wp-content\\\/uploads\\\/2024\\\/06\\\/lumi-nordic-logo-light.svg\",\"contentUrl\":\"https:\\\/\\\/www.luminordic.com\\\/wp-content\\\/uploads\\\/2024\\\/06\\\/lumi-nordic-logo-light.svg\",\"width\":1,\"height\":1,\"caption\":\"Luminordic\"},\"image\":{\"@id\":\"https:\\\/\\\/www.luminordic.com\\\/en\\\/#\\\/schema\\\/logo\\\/image\\\/\"},\"sameAs\":[\"https:\\\/\\\/www.facebook.com\\\/luminordic\"],\"description\":\"LUMI is a natural skincare company offering science-backed solutions for problematic skin and everyday care.\",\"email\":\"hei@luminordic.com\",\"telephone\":\"+372 5663 2033.\",\"legalName\":\"PERFECT COSMETICS O\u00dc\",\"foundingDate\":\"2013-01-31\",\"vatID\":\"EE101608806\",\"numberOfEmployees\":{\"@type\":\"QuantitativeValue\",\"minValue\":\"11\",\"maxValue\":\"50\"}}]}<\/script>\n<!-- \/ Yoast SEO Premium plugin. -->","yoast_head_json":{"title":"Hello Eye Serum - Luminordic","robots":{"index":"index","follow":"follow","max-snippet":"max-snippet:-1","max-image-preview":"max-image-preview:large","max-video-preview":"max-video-preview:-1"},"canonical":"https:\/\/www.luminordic.com\/en\/wp-json\/wp\/v2\/product\/3797\/","og_locale":"en_US","og_type":"article","og_title":"Hello Eye Serum","og_description":"10 ml roller bottle | Refreshes, revitalizes and smoothes the skin under the eyes | For all skin types","og_url":"https:\/\/www.luminordic.com\/en\/product\/hello-eye-serum\/","og_site_name":"Luminordic","article_publisher":"https:\/\/www.facebook.com\/luminordic","article_modified_time":"2026-04-30T10:31:15+00:00","og_image":[{"width":1707,"height":2560,"url":"https:\/\/www.luminordic.com\/wp-content\/uploads\/2024\/07\/Veebi-kleepsud-6-scaled-1.jpg","type":"image\/jpeg"}],"twitter_card":"summary_large_image","twitter_misc":{"Est. reading time":"1 minute"},"schema":{"@context":"https:\/\/schema.org","@graph":[{"@type":"WebPage","@id":"https:\/\/www.luminordic.com\/en\/product\/hello-eye-serum\/","url":"https:\/\/www.luminordic.com\/en\/product\/hello-eye-serum\/","name":"Hello Eye Serum - Luminordic","isPartOf":{"@id":"https:\/\/www.luminordic.com\/en\/#website"},"primaryImageOfPage":{"@id":"https:\/\/www.luminordic.com\/en\/product\/hello-eye-serum\/#primaryimage"},"image":{"@id":"https:\/\/www.luminordic.com\/en\/product\/hello-eye-serum\/#primaryimage"},"thumbnailUrl":"https:\/\/www.luminordic.com\/wp-content\/uploads\/2024\/07\/Veebi-kleepsud-6-scaled-1.jpg","datePublished":"2024-07-18T07:46:06+00:00","dateModified":"2026-04-30T10:31:15+00:00","breadcrumb":{"@id":"https:\/\/www.luminordic.com\/en\/product\/hello-eye-serum\/#breadcrumb"},"inLanguage":"en-US","potentialAction":[{"@type":"ReadAction","target":["https:\/\/www.luminordic.com\/en\/product\/hello-eye-serum\/"]}]},{"@type":"ImageObject","inLanguage":"en-US","@id":"https:\/\/www.luminordic.com\/en\/product\/hello-eye-serum\/#primaryimage","url":"https:\/\/www.luminordic.com\/wp-content\/uploads\/2024\/07\/Veebi-kleepsud-6-scaled-1.jpg","contentUrl":"https:\/\/www.luminordic.com\/wp-content\/uploads\/2024\/07\/Veebi-kleepsud-6-scaled-1.jpg","width":1707,"height":2560,"caption":"LUMI 10ml rullikuga Hello silmaseerum. V\u00e4rskendab, elustab ja silub silmaalused. Igale nahat\u00fc\u00fcbile."},{"@type":"BreadcrumbList","@id":"https:\/\/www.luminordic.com\/en\/product\/hello-eye-serum\/#breadcrumb","itemListElement":[{"@type":"ListItem","position":1,"name":"Avaleht","item":"https:\/\/www.luminordic.com\/en\/"},{"@type":"ListItem","position":2,"name":"All products","item":"https:\/\/www.luminordic.com\/en\/all-products\/"},{"@type":"ListItem","position":3,"name":"Hello Eye Serum"}]},{"@type":"WebSite","@id":"https:\/\/www.luminordic.com\/en\/#website","url":"https:\/\/www.luminordic.com\/en\/","name":"Luminordic","description":"","publisher":{"@id":"https:\/\/www.luminordic.com\/en\/#organization"},"potentialAction":[{"@type":"SearchAction","target":{"@type":"EntryPoint","urlTemplate":"https:\/\/www.luminordic.com\/en\/?s={search_term_string}"},"query-input":{"@type":"PropertyValueSpecification","valueRequired":true,"valueName":"search_term_string"}}],"inLanguage":"en-US"},{"@type":"Organization","@id":"https:\/\/www.luminordic.com\/en\/#organization","name":"Luminordic","alternateName":"LUMI","url":"https:\/\/www.luminordic.com\/en\/","logo":{"@type":"ImageObject","inLanguage":"en-US","@id":"https:\/\/www.luminordic.com\/en\/#\/schema\/logo\/image\/","url":"https:\/\/www.luminordic.com\/wp-content\/uploads\/2024\/06\/lumi-nordic-logo-light.svg","contentUrl":"https:\/\/www.luminordic.com\/wp-content\/uploads\/2024\/06\/lumi-nordic-logo-light.svg","width":1,"height":1,"caption":"Luminordic"},"image":{"@id":"https:\/\/www.luminordic.com\/en\/#\/schema\/logo\/image\/"},"sameAs":["https:\/\/www.facebook.com\/luminordic"],"description":"LUMI is a natural skincare company offering science-backed solutions for problematic skin and everyday care.","email":"hei@luminordic.com","telephone":"+372 5663 2033.","legalName":"PERFECT COSMETICS O\u00dc","foundingDate":"2013-01-31","vatID":"EE101608806","numberOfEmployees":{"@type":"QuantitativeValue","minValue":"11","maxValue":"50"}}]}},"_links":{"self":[{"href":"https:\/\/www.luminordic.com\/en\/wp-json\/wp\/v2\/product\/3797","targetHints":{"allow":["GET"]}}],"collection":[{"href":"https:\/\/www.luminordic.com\/en\/wp-json\/wp\/v2\/product"}],"about":[{"href":"https:\/\/www.luminordic.com\/en\/wp-json\/wp\/v2\/types\/product"}],"replies":[{"embeddable":true,"href":"https:\/\/www.luminordic.com\/en\/wp-json\/wp\/v2\/comments?post=3797"}],"wp:featuredmedia":[{"embeddable":true,"href":"https:\/\/www.luminordic.com\/en\/wp-json\/wp\/v2\/media\/3823"}],"wp:attachment":[{"href":"https:\/\/www.luminordic.com\/en\/wp-json\/wp\/v2\/media?parent=3797"}],"wp:term":[{"taxonomy":"product_brand","embeddable":true,"href":"https:\/\/www.luminordic.com\/en\/wp-json\/wp\/v2\/product_brand?post=3797"},{"taxonomy":"product_cat","embeddable":true,"href":"https:\/\/www.luminordic.com\/en\/wp-json\/wp\/v2\/product_cat?post=3797"},{"taxonomy":"product_tag","embeddable":true,"href":"https:\/\/www.luminordic.com\/en\/wp-json\/wp\/v2\/product_tag?post=3797"},{"taxonomy":"giftcard-category","embeddable":true,"href":"https:\/\/www.luminordic.com\/en\/wp-json\/wp\/v2\/giftcard-category?post=3797"}],"curies":[{"name":"wp","href":"https:\/\/api.w.org\/{rel}","templated":true}]}}