{"id":6795,"date":"2024-07-18T07:41:49","date_gmt":"2024-07-18T07:41:49","guid":{"rendered":"https:\/\/new.luminordic.com\/product\/prebiootiline-niisutusmask-halo-mini\/"},"modified":"2026-04-17T22:01:42","modified_gmt":"2026-04-17T20:01:42","slug":"prebiootiline-niisutusmask-halo-mini","status":"publish","type":"product","link":"https:\/\/www.luminordic.com\/en\/product\/prebiootiline-niisutusmask-halo-mini\/","title":{"rendered":"Mini Halo Moisture Mask"},"content":{"rendered":"<p>No angel is complete without their HALO! Bring divine shine back to tired, dull, and dehydrated skin with one of LUMI&#8217;s most popular offerings &#8211; the award-winning HALO Moisture Mask.<\/p>\n<p>HALO softens and invigorates facial skin, allowing your natural, radiant glow to shine through once more. You&#8217;ll be thanking the heavens!<\/p>\n<p>This travel-friendly miniature version of HALO Moisture Mask is perfect for when space is at a premium, or if you\u2019re looking to try something new!<\/p>\n","protected":false},"excerpt":{"rendered":"10 ml | SOFTENING AND BRIGHTENING TREATMENT WITH HYALURONIC ACID AND NIACINAMIDE | FOR ALL SKIN TYPES","protected":false},"featured_media":3682,"comment_status":"open","ping_status":"closed","template":"","meta":{"_acf_changed":false},"product_brand":[],"product_cat":[374,432],"product_tag":[325],"giftcard-category":[],"class_list":{"0":"post-6795","1":"product","2":"type-product","3":"status-publish","4":"has-post-thumbnail","6":"product_cat-all-products","7":"product_cat-mini-products-and-other","8":"product_tag-awarded","9":"serie-lumi-essentials-en","11":"first","12":"instock","13":"taxable","14":"shipping-taxable","15":"purchasable","16":"product-type-simple"},"acf":[],"yoast_head":"<!-- This site is optimized with the Yoast SEO Premium plugin v27.4 (Yoast SEO v27.4) - https:\/\/yoast.com\/product\/yoast-seo-premium-wordpress\/ -->\n<title>Mini Halo Moisture Mask - Luminordic<\/title>\n<meta name=\"robots\" content=\"index, follow, max-snippet:-1, max-image-preview:large, max-video-preview:-1\" \/>\n<link rel=\"canonical\" href=\"https:\/\/www.luminordic.com\/en\/wp-json\/wp\/v2\/product\/6795\/\" \/>\n<meta property=\"og:locale\" content=\"en_US\" \/>\n<meta property=\"og:type\" content=\"article\" \/>\n<meta property=\"og:title\" content=\"Mini Halo Moisture Mask\" \/>\n<meta property=\"og:description\" content=\"10 ml | SOFTENING AND BRIGHTENING TREATMENT WITH HYALURONIC ACID AND NIACINAMIDE | FOR ALL SKIN TYPES\" \/>\n<meta property=\"og:url\" content=\"https:\/\/www.luminordic.com\/en\/product\/prebiootiline-niisutusmask-halo-mini\/\" \/>\n<meta property=\"og:site_name\" content=\"Luminordic\" \/>\n<meta property=\"article:publisher\" content=\"https:\/\/www.facebook.com\/luminordic\" \/>\n<meta property=\"article:modified_time\" content=\"2026-04-17T20:01:42+00:00\" \/>\n<meta property=\"og:image\" content=\"https:\/\/www.luminordic.com\/wp-content\/uploads\/2024\/07\/Untitled-design-2-11.jpg\" \/>\n\t<meta property=\"og:image:width\" content=\"1365\" \/>\n\t<meta property=\"og:image:height\" content=\"2048\" \/>\n\t<meta property=\"og:image:type\" content=\"image\/jpeg\" \/>\n<meta name=\"twitter:card\" content=\"summary_large_image\" \/>\n<meta name=\"twitter:label1\" content=\"Est. reading time\" \/>\n\t<meta name=\"twitter:data1\" content=\"1 minute\" \/>\n<script type=\"application\/ld+json\" class=\"yoast-schema-graph\">{\"@context\":\"https:\\\/\\\/schema.org\",\"@graph\":[{\"@type\":\"WebPage\",\"@id\":\"https:\\\/\\\/www.luminordic.com\\\/en\\\/product\\\/prebiootiline-niisutusmask-halo-mini\\\/\",\"url\":\"https:\\\/\\\/www.luminordic.com\\\/en\\\/product\\\/prebiootiline-niisutusmask-halo-mini\\\/\",\"name\":\"Mini Halo Moisture Mask - Luminordic\",\"isPartOf\":{\"@id\":\"https:\\\/\\\/www.luminordic.com\\\/en\\\/#website\"},\"primaryImageOfPage\":{\"@id\":\"https:\\\/\\\/www.luminordic.com\\\/en\\\/product\\\/prebiootiline-niisutusmask-halo-mini\\\/#primaryimage\"},\"image\":{\"@id\":\"https:\\\/\\\/www.luminordic.com\\\/en\\\/product\\\/prebiootiline-niisutusmask-halo-mini\\\/#primaryimage\"},\"thumbnailUrl\":\"https:\\\/\\\/www.luminordic.com\\\/wp-content\\\/uploads\\\/2024\\\/07\\\/Untitled-design-2-11.jpg\",\"datePublished\":\"2024-07-18T07:41:49+00:00\",\"dateModified\":\"2026-04-17T20:01:42+00:00\",\"breadcrumb\":{\"@id\":\"https:\\\/\\\/www.luminordic.com\\\/en\\\/product\\\/prebiootiline-niisutusmask-halo-mini\\\/#breadcrumb\"},\"inLanguage\":\"en-US\",\"potentialAction\":[{\"@type\":\"ReadAction\",\"target\":[\"https:\\\/\\\/www.luminordic.com\\\/en\\\/product\\\/prebiootiline-niisutusmask-halo-mini\\\/\"]}]},{\"@type\":\"ImageObject\",\"inLanguage\":\"en-US\",\"@id\":\"https:\\\/\\\/www.luminordic.com\\\/en\\\/product\\\/prebiootiline-niisutusmask-halo-mini\\\/#primaryimage\",\"url\":\"https:\\\/\\\/www.luminordic.com\\\/wp-content\\\/uploads\\\/2024\\\/07\\\/Untitled-design-2-11.jpg\",\"contentUrl\":\"https:\\\/\\\/www.luminordic.com\\\/wp-content\\\/uploads\\\/2024\\\/07\\\/Untitled-design-2-11.jpg\",\"width\":1365,\"height\":2048,\"caption\":\"LUMI Prebiootiline niisutusmask \u201cHALO\u201d MINI. 10ml. K\u00f5ikidele nahat\u00fc\u00fcpidele. Pehmendav ja s\u00e4ra andev hooldus h\u00fcaluroonhappe ja niatsiinamiidiga.\"},{\"@type\":\"BreadcrumbList\",\"@id\":\"https:\\\/\\\/www.luminordic.com\\\/en\\\/product\\\/prebiootiline-niisutusmask-halo-mini\\\/#breadcrumb\",\"itemListElement\":[{\"@type\":\"ListItem\",\"position\":1,\"name\":\"Avaleht\",\"item\":\"https:\\\/\\\/www.luminordic.com\\\/en\\\/\"},{\"@type\":\"ListItem\",\"position\":2,\"name\":\"All products\",\"item\":\"https:\\\/\\\/www.luminordic.com\\\/en\\\/all-products\\\/\"},{\"@type\":\"ListItem\",\"position\":3,\"name\":\"Mini Halo Moisture Mask\"}]},{\"@type\":\"WebSite\",\"@id\":\"https:\\\/\\\/www.luminordic.com\\\/en\\\/#website\",\"url\":\"https:\\\/\\\/www.luminordic.com\\\/en\\\/\",\"name\":\"Luminordic\",\"description\":\"\",\"publisher\":{\"@id\":\"https:\\\/\\\/www.luminordic.com\\\/en\\\/#organization\"},\"potentialAction\":[{\"@type\":\"SearchAction\",\"target\":{\"@type\":\"EntryPoint\",\"urlTemplate\":\"https:\\\/\\\/www.luminordic.com\\\/en\\\/?s={search_term_string}\"},\"query-input\":{\"@type\":\"PropertyValueSpecification\",\"valueRequired\":true,\"valueName\":\"search_term_string\"}}],\"inLanguage\":\"en-US\"},{\"@type\":\"Organization\",\"@id\":\"https:\\\/\\\/www.luminordic.com\\\/en\\\/#organization\",\"name\":\"Luminordic\",\"alternateName\":\"LUMI\",\"url\":\"https:\\\/\\\/www.luminordic.com\\\/en\\\/\",\"logo\":{\"@type\":\"ImageObject\",\"inLanguage\":\"en-US\",\"@id\":\"https:\\\/\\\/www.luminordic.com\\\/en\\\/#\\\/schema\\\/logo\\\/image\\\/\",\"url\":\"https:\\\/\\\/www.luminordic.com\\\/wp-content\\\/uploads\\\/2024\\\/06\\\/lumi-nordic-logo-light.svg\",\"contentUrl\":\"https:\\\/\\\/www.luminordic.com\\\/wp-content\\\/uploads\\\/2024\\\/06\\\/lumi-nordic-logo-light.svg\",\"width\":1,\"height\":1,\"caption\":\"Luminordic\"},\"image\":{\"@id\":\"https:\\\/\\\/www.luminordic.com\\\/en\\\/#\\\/schema\\\/logo\\\/image\\\/\"},\"sameAs\":[\"https:\\\/\\\/www.facebook.com\\\/luminordic\"],\"description\":\"LUMI is a natural skincare company offering science-backed solutions for problematic skin and everyday care.\",\"email\":\"hei@luminordic.com\",\"telephone\":\"+372 5663 2033.\",\"legalName\":\"PERFECT COSMETICS O\u00dc\",\"foundingDate\":\"2013-01-31\",\"vatID\":\"EE101608806\",\"numberOfEmployees\":{\"@type\":\"QuantitativeValue\",\"minValue\":\"11\",\"maxValue\":\"50\"}}]}<\/script>\n<!-- \/ Yoast SEO Premium plugin. -->","yoast_head_json":{"title":"Mini Halo Moisture Mask - Luminordic","robots":{"index":"index","follow":"follow","max-snippet":"max-snippet:-1","max-image-preview":"max-image-preview:large","max-video-preview":"max-video-preview:-1"},"canonical":"https:\/\/www.luminordic.com\/en\/wp-json\/wp\/v2\/product\/6795\/","og_locale":"en_US","og_type":"article","og_title":"Mini Halo Moisture Mask","og_description":"10 ml | SOFTENING AND BRIGHTENING TREATMENT WITH HYALURONIC ACID AND NIACINAMIDE | FOR ALL SKIN TYPES","og_url":"https:\/\/www.luminordic.com\/en\/product\/prebiootiline-niisutusmask-halo-mini\/","og_site_name":"Luminordic","article_publisher":"https:\/\/www.facebook.com\/luminordic","article_modified_time":"2026-04-17T20:01:42+00:00","og_image":[{"width":1365,"height":2048,"url":"https:\/\/www.luminordic.com\/wp-content\/uploads\/2024\/07\/Untitled-design-2-11.jpg","type":"image\/jpeg"}],"twitter_card":"summary_large_image","twitter_misc":{"Est. reading time":"1 minute"},"schema":{"@context":"https:\/\/schema.org","@graph":[{"@type":"WebPage","@id":"https:\/\/www.luminordic.com\/en\/product\/prebiootiline-niisutusmask-halo-mini\/","url":"https:\/\/www.luminordic.com\/en\/product\/prebiootiline-niisutusmask-halo-mini\/","name":"Mini Halo Moisture Mask - Luminordic","isPartOf":{"@id":"https:\/\/www.luminordic.com\/en\/#website"},"primaryImageOfPage":{"@id":"https:\/\/www.luminordic.com\/en\/product\/prebiootiline-niisutusmask-halo-mini\/#primaryimage"},"image":{"@id":"https:\/\/www.luminordic.com\/en\/product\/prebiootiline-niisutusmask-halo-mini\/#primaryimage"},"thumbnailUrl":"https:\/\/www.luminordic.com\/wp-content\/uploads\/2024\/07\/Untitled-design-2-11.jpg","datePublished":"2024-07-18T07:41:49+00:00","dateModified":"2026-04-17T20:01:42+00:00","breadcrumb":{"@id":"https:\/\/www.luminordic.com\/en\/product\/prebiootiline-niisutusmask-halo-mini\/#breadcrumb"},"inLanguage":"en-US","potentialAction":[{"@type":"ReadAction","target":["https:\/\/www.luminordic.com\/en\/product\/prebiootiline-niisutusmask-halo-mini\/"]}]},{"@type":"ImageObject","inLanguage":"en-US","@id":"https:\/\/www.luminordic.com\/en\/product\/prebiootiline-niisutusmask-halo-mini\/#primaryimage","url":"https:\/\/www.luminordic.com\/wp-content\/uploads\/2024\/07\/Untitled-design-2-11.jpg","contentUrl":"https:\/\/www.luminordic.com\/wp-content\/uploads\/2024\/07\/Untitled-design-2-11.jpg","width":1365,"height":2048,"caption":"LUMI Prebiootiline niisutusmask \u201cHALO\u201d MINI. 10ml. K\u00f5ikidele nahat\u00fc\u00fcpidele. Pehmendav ja s\u00e4ra andev hooldus h\u00fcaluroonhappe ja niatsiinamiidiga."},{"@type":"BreadcrumbList","@id":"https:\/\/www.luminordic.com\/en\/product\/prebiootiline-niisutusmask-halo-mini\/#breadcrumb","itemListElement":[{"@type":"ListItem","position":1,"name":"Avaleht","item":"https:\/\/www.luminordic.com\/en\/"},{"@type":"ListItem","position":2,"name":"All products","item":"https:\/\/www.luminordic.com\/en\/all-products\/"},{"@type":"ListItem","position":3,"name":"Mini Halo Moisture Mask"}]},{"@type":"WebSite","@id":"https:\/\/www.luminordic.com\/en\/#website","url":"https:\/\/www.luminordic.com\/en\/","name":"Luminordic","description":"","publisher":{"@id":"https:\/\/www.luminordic.com\/en\/#organization"},"potentialAction":[{"@type":"SearchAction","target":{"@type":"EntryPoint","urlTemplate":"https:\/\/www.luminordic.com\/en\/?s={search_term_string}"},"query-input":{"@type":"PropertyValueSpecification","valueRequired":true,"valueName":"search_term_string"}}],"inLanguage":"en-US"},{"@type":"Organization","@id":"https:\/\/www.luminordic.com\/en\/#organization","name":"Luminordic","alternateName":"LUMI","url":"https:\/\/www.luminordic.com\/en\/","logo":{"@type":"ImageObject","inLanguage":"en-US","@id":"https:\/\/www.luminordic.com\/en\/#\/schema\/logo\/image\/","url":"https:\/\/www.luminordic.com\/wp-content\/uploads\/2024\/06\/lumi-nordic-logo-light.svg","contentUrl":"https:\/\/www.luminordic.com\/wp-content\/uploads\/2024\/06\/lumi-nordic-logo-light.svg","width":1,"height":1,"caption":"Luminordic"},"image":{"@id":"https:\/\/www.luminordic.com\/en\/#\/schema\/logo\/image\/"},"sameAs":["https:\/\/www.facebook.com\/luminordic"],"description":"LUMI is a natural skincare company offering science-backed solutions for problematic skin and everyday care.","email":"hei@luminordic.com","telephone":"+372 5663 2033.","legalName":"PERFECT COSMETICS O\u00dc","foundingDate":"2013-01-31","vatID":"EE101608806","numberOfEmployees":{"@type":"QuantitativeValue","minValue":"11","maxValue":"50"}}]}},"_links":{"self":[{"href":"https:\/\/www.luminordic.com\/en\/wp-json\/wp\/v2\/product\/6795","targetHints":{"allow":["GET"]}}],"collection":[{"href":"https:\/\/www.luminordic.com\/en\/wp-json\/wp\/v2\/product"}],"about":[{"href":"https:\/\/www.luminordic.com\/en\/wp-json\/wp\/v2\/types\/product"}],"replies":[{"embeddable":true,"href":"https:\/\/www.luminordic.com\/en\/wp-json\/wp\/v2\/comments?post=6795"}],"wp:featuredmedia":[{"embeddable":true,"href":"https:\/\/www.luminordic.com\/en\/wp-json\/wp\/v2\/media\/3682"}],"wp:attachment":[{"href":"https:\/\/www.luminordic.com\/en\/wp-json\/wp\/v2\/media?parent=6795"}],"wp:term":[{"taxonomy":"product_brand","embeddable":true,"href":"https:\/\/www.luminordic.com\/en\/wp-json\/wp\/v2\/product_brand?post=6795"},{"taxonomy":"product_cat","embeddable":true,"href":"https:\/\/www.luminordic.com\/en\/wp-json\/wp\/v2\/product_cat?post=6795"},{"taxonomy":"product_tag","embeddable":true,"href":"https:\/\/www.luminordic.com\/en\/wp-json\/wp\/v2\/product_tag?post=6795"},{"taxonomy":"giftcard-category","embeddable":true,"href":"https:\/\/www.luminordic.com\/en\/wp-json\/wp\/v2\/giftcard-category?post=6795"}],"curies":[{"name":"wp","href":"https:\/\/api.w.org\/{rel}","templated":true}]}}